{"id":46475,"date":"2022-10-28T08:11:48","date_gmt":"2022-10-28T06:11:48","guid":{"rendered":"http:\/\/www.novisvet.si\/?post_type=product&#038;p=46475"},"modified":"2024-07-01T23:05:44","modified_gmt":"2024-07-01T21:05:44","slug":"moje-zgodbe-v-vecnosti","status":"publish","type":"product","link":"https:\/\/www.novisvet.si\/?product=moje-zgodbe-v-vecnosti","title":{"rendered":"Moje zgodbe v ve\u010dnosti"},"content":{"rendered":"<p>[et_pb_section bb_built=&#8221;1&#8243; inner_width=&#8221;auto&#8221; inner_max_width=&#8221;none&#8221;][et_pb_row][et_pb_column type=&#8221;4_4&#8243;][et_pb_text _builder_version=&#8221;3.22.4&#8243; text_font=&#8221;Noto Serif||||||||&#8221; header_text_color=&#8221;#aa0066&#8243; header_2_text_color=&#8221;#8300e9&#8243; text_text_color=&#8221;#000000&#8243; header_2_font_size=&#8221;22px&#8221; header_5_text_color=&#8221;#000000&#8243; header_5_line_height=&#8221;1.5em&#8221; header_5_font=&#8221;|||||on|||&#8221; header_3_text_color=&#8221;#5a31b2&#8243; header_3_font_size=&#8221;16px&#8221; text_text_shadow_horizontal_length=&#8221;text_text_shadow_style,%91object Object%93&#8243; text_text_shadow_vertical_length=&#8221;text_text_shadow_style,%91object Object%93&#8243; text_text_shadow_blur_strength=&#8221;text_text_shadow_style,%91object Object%93&#8243; link_text_shadow_horizontal_length=&#8221;link_text_shadow_style,%91object Object%93&#8243; link_text_shadow_vertical_length=&#8221;link_text_shadow_style,%91object Object%93&#8243; link_text_shadow_blur_strength=&#8221;link_text_shadow_style,%91object Object%93&#8243; ul_text_shadow_horizontal_length=&#8221;ul_text_shadow_style,%91object Object%93&#8243; ul_text_shadow_vertical_length=&#8221;ul_text_shadow_style,%91object Object%93&#8243; ul_text_shadow_blur_strength=&#8221;ul_text_shadow_style,%91object Object%93&#8243; ol_text_shadow_horizontal_length=&#8221;ol_text_shadow_style,%91object Object%93&#8243; ol_text_shadow_vertical_length=&#8221;ol_text_shadow_style,%91object Object%93&#8243; ol_text_shadow_blur_strength=&#8221;ol_text_shadow_style,%91object Object%93&#8243; quote_text_shadow_horizontal_length=&#8221;quote_text_shadow_style,%91object Object%93&#8243; quote_text_shadow_vertical_length=&#8221;quote_text_shadow_style,%91object Object%93&#8243; quote_text_shadow_blur_strength=&#8221;quote_text_shadow_style,%91object Object%93&#8243; header_text_shadow_horizontal_length=&#8221;header_text_shadow_style,%91object Object%93&#8243; header_text_shadow_vertical_length=&#8221;header_text_shadow_style,%91object Object%93&#8243; header_text_shadow_blur_strength=&#8221;header_text_shadow_style,%91object Object%93&#8243; header_2_text_shadow_horizontal_length=&#8221;header_2_text_shadow_style,%91object Object%93&#8243; header_2_text_shadow_vertical_length=&#8221;header_2_text_shadow_style,%91object Object%93&#8243; header_2_text_shadow_blur_strength=&#8221;header_2_text_shadow_style,%91object Object%93&#8243; header_3_text_shadow_horizontal_length=&#8221;header_3_text_shadow_style,%91object Object%93&#8243; header_3_text_shadow_vertical_length=&#8221;header_3_text_shadow_style,%91object Object%93&#8243; header_3_text_shadow_blur_strength=&#8221;header_3_text_shadow_style,%91object Object%93&#8243; header_4_text_shadow_horizontal_length=&#8221;header_4_text_shadow_style,%91object Object%93&#8243; header_4_text_shadow_vertical_length=&#8221;header_4_text_shadow_style,%91object Object%93&#8243; header_4_text_shadow_blur_strength=&#8221;header_4_text_shadow_style,%91object Object%93&#8243; header_5_text_shadow_horizontal_length=&#8221;header_5_text_shadow_style,%91object Object%93&#8243; header_5_text_shadow_vertical_length=&#8221;header_5_text_shadow_style,%91object Object%93&#8243; header_5_text_shadow_blur_strength=&#8221;header_5_text_shadow_style,%91object Object%93&#8243; header_6_text_shadow_horizontal_length=&#8221;header_6_text_shadow_style,%91object Object%93&#8243; header_6_text_shadow_vertical_length=&#8221;header_6_text_shadow_style,%91object Object%93&#8243; header_6_text_shadow_blur_strength=&#8221;header_6_text_shadow_style,%91object Object%93&#8243; z_index_tablet=&#8221;500&#8243;]<\/p>\n<h2>Tone \u0160eruga<\/h2>\n<h1><strong>MOJE ZGODBE V VE\u010cNOSTI<\/strong><\/h1>\n<p>\u00a0<\/p>\n<p>Prvotni naslov knjige je bil \u201cZ odnosi pi\u0161emo vsak svoje zgodbe\u201d. Po odhodu \u0161kofa Jo\u017eefa Smeja v ve\u010dnost so Moje zgodbe, moji odnosi dobili dodatno vsebino in novo razse\u017enost. Zato naj bo ta knjiga s to \u201cdodatno vsebino in razse\u017enostjo\u201d zahvala in darilo \u0161kofu Smeju ob 100-letnici njegovega rojstva, 15. februarja 1922.<\/p>\n<p>Na tem mestu se \u017eelim zahvaliti vsem in vsakemu, ki sem ga sre\u010dal na poteh svojega \u017eivljenja in z njim vzpostavil iskren \u010dlove\u0161ki odnos. Posebej hvala vsakemu in vsem, ki so nas na\u0161i medsebojni odnosi povezali v novo \u017eivljenje, \u017eivljenje z Jezusom med nami.<\/p>\n<p>Iz avtorjevega uvoda<\/p>\n<h5>Cena: 12\u20ac<\/h5>\n<h5>Vezava: mehka<\/h5>\n<h5>Format: 13&#215;20<\/h5>\n<p>[\/et_pb_text][\/et_pb_column][\/et_pb_row][\/et_pb_section]<\/p>\n","protected":false},"excerpt":{"rendered":"<p>Ta knjiga je s to \u201cdodatno vsebino in razse\u017enostjo\u201d zahvala in darilo \u0161kofu Smeju ob 100-letnici njegovega rojstva, 15. februarja 1922.<\/p>\n","protected":false},"featured_media":46476,"comment_status":"open","ping_status":"closed","template":"","meta":{"_et_pb_use_builder":"on","_et_pb_old_content":""},"product_cat":[82,26],"product_tag":[],"_links":{"self":[{"href":"https:\/\/www.novisvet.si\/index.php?rest_route=\/wp\/v2\/product\/46475"}],"collection":[{"href":"https:\/\/www.novisvet.si\/index.php?rest_route=\/wp\/v2\/product"}],"about":[{"href":"https:\/\/www.novisvet.si\/index.php?rest_route=\/wp\/v2\/types\/product"}],"replies":[{"embeddable":true,"href":"https:\/\/www.novisvet.si\/index.php?rest_route=%2Fwp%2Fv2%2Fcomments&post=46475"}],"wp:featuredmedia":[{"embeddable":true,"href":"https:\/\/www.novisvet.si\/index.php?rest_route=\/wp\/v2\/media\/46476"}],"wp:attachment":[{"href":"https:\/\/www.novisvet.si\/index.php?rest_route=%2Fwp%2Fv2%2Fmedia&parent=46475"}],"wp:term":[{"taxonomy":"product_cat","embeddable":true,"href":"https:\/\/www.novisvet.si\/index.php?rest_route=%2Fwp%2Fv2%2Fproduct_cat&post=46475"},{"taxonomy":"product_tag","embeddable":true,"href":"https:\/\/www.novisvet.si\/index.php?rest_route=%2Fwp%2Fv2%2Fproduct_tag&post=46475"}],"curies":[{"name":"wp","href":"https:\/\/api.w.org\/{rel}","templated":true}]}}