{"id":46472,"date":"2022-10-28T07:59:44","date_gmt":"2022-10-28T05:59:44","guid":{"rendered":"http:\/\/www.novisvet.si\/?post_type=product&#038;p=46472"},"modified":"2024-06-14T01:17:45","modified_gmt":"2024-06-13T23:17:45","slug":"odpuscanje-krizisce-zivljenjskih-poti","status":"publish","type":"product","link":"https:\/\/www.novisvet.si\/?product=odpuscanje-krizisce-zivljenjskih-poti","title":{"rendered":"Odpu\u0161\u010danje, kri\u017ei\u0161\u010de \u017eivljenjskih poti"},"content":{"rendered":"<p>[et_pb_section bb_built=&#8221;1&#8243; inner_width=&#8221;auto&#8221; inner_max_width=&#8221;none&#8221;][et_pb_row][et_pb_column type=&#8221;4_4&#8243;][et_pb_text _builder_version=&#8221;3.22.4&#8243; text_font=&#8221;Noto Serif||||||||&#8221; header_text_color=&#8221;#aa0066&#8243; header_2_text_color=&#8221;#8300e9&#8243; text_text_color=&#8221;#000000&#8243; header_2_font_size=&#8221;22px&#8221; header_5_text_color=&#8221;#000000&#8243; header_5_line_height=&#8221;1.5em&#8221; header_5_font=&#8221;|||||on|||&#8221; header_3_text_color=&#8221;#5a31b2&#8243; header_3_font_size=&#8221;16px&#8221; text_text_shadow_horizontal_length=&#8221;text_text_shadow_style,%91object Object%93&#8243; text_text_shadow_vertical_length=&#8221;text_text_shadow_style,%91object Object%93&#8243; text_text_shadow_blur_strength=&#8221;text_text_shadow_style,%91object Object%93&#8243; link_text_shadow_horizontal_length=&#8221;link_text_shadow_style,%91object Object%93&#8243; link_text_shadow_vertical_length=&#8221;link_text_shadow_style,%91object Object%93&#8243; link_text_shadow_blur_strength=&#8221;link_text_shadow_style,%91object Object%93&#8243; ul_text_shadow_horizontal_length=&#8221;ul_text_shadow_style,%91object Object%93&#8243; ul_text_shadow_vertical_length=&#8221;ul_text_shadow_style,%91object Object%93&#8243; ul_text_shadow_blur_strength=&#8221;ul_text_shadow_style,%91object Object%93&#8243; ol_text_shadow_horizontal_length=&#8221;ol_text_shadow_style,%91object Object%93&#8243; ol_text_shadow_vertical_length=&#8221;ol_text_shadow_style,%91object Object%93&#8243; ol_text_shadow_blur_strength=&#8221;ol_text_shadow_style,%91object Object%93&#8243; quote_text_shadow_horizontal_length=&#8221;quote_text_shadow_style,%91object Object%93&#8243; quote_text_shadow_vertical_length=&#8221;quote_text_shadow_style,%91object Object%93&#8243; quote_text_shadow_blur_strength=&#8221;quote_text_shadow_style,%91object Object%93&#8243; header_text_shadow_horizontal_length=&#8221;header_text_shadow_style,%91object Object%93&#8243; header_text_shadow_vertical_length=&#8221;header_text_shadow_style,%91object Object%93&#8243; header_text_shadow_blur_strength=&#8221;header_text_shadow_style,%91object Object%93&#8243; header_2_text_shadow_horizontal_length=&#8221;header_2_text_shadow_style,%91object Object%93&#8243; header_2_text_shadow_vertical_length=&#8221;header_2_text_shadow_style,%91object Object%93&#8243; header_2_text_shadow_blur_strength=&#8221;header_2_text_shadow_style,%91object Object%93&#8243; header_3_text_shadow_horizontal_length=&#8221;header_3_text_shadow_style,%91object Object%93&#8243; header_3_text_shadow_vertical_length=&#8221;header_3_text_shadow_style,%91object Object%93&#8243; header_3_text_shadow_blur_strength=&#8221;header_3_text_shadow_style,%91object Object%93&#8243; header_4_text_shadow_horizontal_length=&#8221;header_4_text_shadow_style,%91object Object%93&#8243; header_4_text_shadow_vertical_length=&#8221;header_4_text_shadow_style,%91object Object%93&#8243; header_4_text_shadow_blur_strength=&#8221;header_4_text_shadow_style,%91object Object%93&#8243; header_5_text_shadow_horizontal_length=&#8221;header_5_text_shadow_style,%91object Object%93&#8243; header_5_text_shadow_vertical_length=&#8221;header_5_text_shadow_style,%91object Object%93&#8243; header_5_text_shadow_blur_strength=&#8221;header_5_text_shadow_style,%91object Object%93&#8243; header_6_text_shadow_horizontal_length=&#8221;header_6_text_shadow_style,%91object Object%93&#8243; header_6_text_shadow_vertical_length=&#8221;header_6_text_shadow_style,%91object Object%93&#8243; header_6_text_shadow_blur_strength=&#8221;header_6_text_shadow_style,%91object Object%93&#8243; z_index_tablet=&#8221;500&#8243;]<\/p>\n<h2>Rino Ventriglia<\/h2>\n<h1><strong>ODPU\u0160\u010cANJE \u2013 KRI\u017dI\u0160\u010cE \u017dIVLJENJSKIH POTI<\/strong><\/h1>\n<h3>Rane in brazgotine, ki jih povzro\u010dajo odnosi<\/h3>\n<p>Avtor nas v knjigi opominja, da \u010dlovek v mrzlici \u017eivljenja, kljub nauku prispodobe o razbiti in z zlatimi nitkami obnovljeni vazi, po\u0161kodovanih stvari ne zna ve\u010d popraviti. Hitrica nas sili, da odstranimo, kar nam \u0161koduje. Sodobni \u010dlovek to po\u010dne brez pomislekov in si tega vsaj na zunaj ne jemlje k srcu. Prek procesa disociacije od \u010dustvenih izku\u0161enj pozablja pretekle dogodke. Zato v resnici ne analizira, ampak kot ko\u0161\u010dki lave pod pepelom kuha jezo in bole\u010dino. Slednji bosta ob posebnem dra\u017eljaju pri\u0161li na dan kot stra\u0161ni in vznemirljivi brez\u010dutni prikazni v stari zapu\u0161\u010deni hi\u0161i.<\/p>\n<p>Da bi lahko resni\u010dno odpustil, mora \u010dlovek prenehati s hitenjem in se ustaviti. Ta korak je potreben, da bi lahko \u010dutil, razmi\u0161ljal in analiziral. Zakaj naj bi morali ljudje prebrati to \u010dudovito knjigo? Da bi jih spomnila na pomembno resnico: \u010de ho\u010dejo resni\u010dno \u017eiveti, se morajo ustaviti. Ta korak je nujno potreben, \u010de ho\u010demo analizirati, rasti, ne pozabiti slabih dejanj in na koncu narediti korak odpu\u0161\u010danja.\u00a0<\/p>\n<h5>Cena: 12\u20ac<\/h5>\n<h5>Vezava: mehka<\/h5>\n<h5>Format: 12,5&#215;18,5<\/h5>\n<p>\u00a0\u00a0\u00a0<\/p>\n<p>[\/et_pb_text][\/et_pb_column][\/et_pb_row][\/et_pb_section]<\/p>\n","protected":false},"excerpt":{"rendered":"<p>Zakaj naj bi morali ljudje prebrati to \u010dudovito knjigo? Da bi jih spomnila na pomembno resnico: \u010de ho\u010dejo resni\u010dno \u017eiveti, se morajo ustaviti. Ta korak je nujno potreben, \u010de ho\u010demo analizirati, rasti, ne pozabiti slabih dejanj in na koncu narediti korak odpu\u0161\u010danja.<\/p>\n","protected":false},"featured_media":46474,"comment_status":"open","ping_status":"closed","template":"","meta":{"_et_pb_use_builder":"on","_et_pb_old_content":""},"product_cat":[90,29],"product_tag":[],"class_list":{"0":"post-46472","1":"product","2":"type-product","3":"status-publish","4":"has-post-thumbnail","6":"product_cat-samopomoc","7":"product_cat-logoterapija","9":"first","10":"instock","11":"featured","12":"taxable","13":"shipping-taxable","14":"purchasable","15":"product-type-simple"},"_links":{"self":[{"href":"https:\/\/www.novisvet.si\/index.php?rest_route=\/wp\/v2\/product\/46472","targetHints":{"allow":["GET"]}}],"collection":[{"href":"https:\/\/www.novisvet.si\/index.php?rest_route=\/wp\/v2\/product"}],"about":[{"href":"https:\/\/www.novisvet.si\/index.php?rest_route=\/wp\/v2\/types\/product"}],"replies":[{"embeddable":true,"href":"https:\/\/www.novisvet.si\/index.php?rest_route=%2Fwp%2Fv2%2Fcomments&post=46472"}],"wp:featuredmedia":[{"embeddable":true,"href":"https:\/\/www.novisvet.si\/index.php?rest_route=\/wp\/v2\/media\/46474"}],"wp:attachment":[{"href":"https:\/\/www.novisvet.si\/index.php?rest_route=%2Fwp%2Fv2%2Fmedia&parent=46472"}],"wp:term":[{"taxonomy":"product_cat","embeddable":true,"href":"https:\/\/www.novisvet.si\/index.php?rest_route=%2Fwp%2Fv2%2Fproduct_cat&post=46472"},{"taxonomy":"product_tag","embeddable":true,"href":"https:\/\/www.novisvet.si\/index.php?rest_route=%2Fwp%2Fv2%2Fproduct_tag&post=46472"}],"curies":[{"name":"wp","href":"https:\/\/api.w.org\/{rel}","templated":true}]}}