{"id":45800,"date":"2019-12-11T18:22:21","date_gmt":"2019-12-11T17:22:21","guid":{"rendered":"http:\/\/www.novisvet.si\/?post_type=product&#038;p=45800"},"modified":"2024-10-20T07:51:19","modified_gmt":"2024-10-20T05:51:19","slug":"frankl-in-bog","status":"publish","type":"product","link":"https:\/\/www.novisvet.si\/?product=frankl-in-bog","title":{"rendered":"Frankl in Bog"},"content":{"rendered":"<p>[et_pb_section bb_built=&#8221;1&#8243; inner_width=&#8221;auto&#8221; inner_max_width=&#8221;none&#8221;][et_pb_row][et_pb_column type=&#8221;4_4&#8243;][et_pb_text _builder_version=&#8221;3.22.4&#8243; text_font=&#8221;Noto Serif||||||||&#8221; header_text_color=&#8221;#aa0066&#8243; header_2_text_color=&#8221;#8300e9&#8243; text_text_color=&#8221;#000000&#8243; header_2_font_size=&#8221;22px&#8221; header_5_text_color=&#8221;#000000&#8243; header_5_line_height=&#8221;1.5em&#8221; header_5_font=&#8221;|||||on|||&#8221; header_3_text_color=&#8221;#5a31b2&#8243; header_3_font_size=&#8221;16px&#8221; text_text_shadow_horizontal_length=&#8221;text_text_shadow_style,%91object Object%93&#8243; text_text_shadow_vertical_length=&#8221;text_text_shadow_style,%91object Object%93&#8243; text_text_shadow_blur_strength=&#8221;text_text_shadow_style,%91object Object%93&#8243; link_text_shadow_horizontal_length=&#8221;link_text_shadow_style,%91object Object%93&#8243; link_text_shadow_vertical_length=&#8221;link_text_shadow_style,%91object Object%93&#8243; link_text_shadow_blur_strength=&#8221;link_text_shadow_style,%91object Object%93&#8243; ul_text_shadow_horizontal_length=&#8221;ul_text_shadow_style,%91object Object%93&#8243; ul_text_shadow_vertical_length=&#8221;ul_text_shadow_style,%91object Object%93&#8243; ul_text_shadow_blur_strength=&#8221;ul_text_shadow_style,%91object Object%93&#8243; ol_text_shadow_horizontal_length=&#8221;ol_text_shadow_style,%91object Object%93&#8243; ol_text_shadow_vertical_length=&#8221;ol_text_shadow_style,%91object Object%93&#8243; ol_text_shadow_blur_strength=&#8221;ol_text_shadow_style,%91object Object%93&#8243; quote_text_shadow_horizontal_length=&#8221;quote_text_shadow_style,%91object Object%93&#8243; quote_text_shadow_vertical_length=&#8221;quote_text_shadow_style,%91object Object%93&#8243; quote_text_shadow_blur_strength=&#8221;quote_text_shadow_style,%91object Object%93&#8243; header_text_shadow_horizontal_length=&#8221;header_text_shadow_style,%91object Object%93&#8243; header_text_shadow_vertical_length=&#8221;header_text_shadow_style,%91object Object%93&#8243; header_text_shadow_blur_strength=&#8221;header_text_shadow_style,%91object Object%93&#8243; header_2_text_shadow_horizontal_length=&#8221;header_2_text_shadow_style,%91object Object%93&#8243; header_2_text_shadow_vertical_length=&#8221;header_2_text_shadow_style,%91object Object%93&#8243; header_2_text_shadow_blur_strength=&#8221;header_2_text_shadow_style,%91object Object%93&#8243; header_3_text_shadow_horizontal_length=&#8221;header_3_text_shadow_style,%91object Object%93&#8243; header_3_text_shadow_vertical_length=&#8221;header_3_text_shadow_style,%91object Object%93&#8243; header_3_text_shadow_blur_strength=&#8221;header_3_text_shadow_style,%91object Object%93&#8243; header_4_text_shadow_horizontal_length=&#8221;header_4_text_shadow_style,%91object Object%93&#8243; header_4_text_shadow_vertical_length=&#8221;header_4_text_shadow_style,%91object Object%93&#8243; header_4_text_shadow_blur_strength=&#8221;header_4_text_shadow_style,%91object Object%93&#8243; header_5_text_shadow_horizontal_length=&#8221;header_5_text_shadow_style,%91object Object%93&#8243; header_5_text_shadow_vertical_length=&#8221;header_5_text_shadow_style,%91object Object%93&#8243; header_5_text_shadow_blur_strength=&#8221;header_5_text_shadow_style,%91object Object%93&#8243; header_6_text_shadow_horizontal_length=&#8221;header_6_text_shadow_style,%91object Object%93&#8243; header_6_text_shadow_vertical_length=&#8221;header_6_text_shadow_style,%91object Object%93&#8243; header_6_text_shadow_blur_strength=&#8221;header_6_text_shadow_style,%91object Object%93&#8243; z_index_tablet=&#8221;500&#8243;]<\/p>\n<h2>Elisabeth Lukas<\/h2>\n<h1>FRANKL IN BOG<\/h1>\n<h3>Psihiatrova spoznanja in uvidi<\/h3>\n<p>Redko kateri veliki avtor je imel sre\u010do, da je bil kak njegov u\u010denec tako sposoben in se je tako zvesto poglobil vanj, kakor to velja za Viktorja E. Frankla (1905\u20131997) in njegovo u\u010denko Elisabeth Lukas (roj. 1942). Lukasova je ena najplodnej\u0161ih svetovnih avtoric s podro\u010dja logoterapije in preventivne strokovne pomo\u010di pri smiselnem usmerjanju in razvoju samega sebe. Po izjemnem \u0161tevilu knjig \u2013 s ponatisi in prevodi v desetinah jezikov in stotinah izdaj \u2013 je 2018 napisala pri\u010dujo\u010do knjigo Frankl in Bog; v sloven\u0161\u010dini jo torej dobivamo sve\u017eo po ducatu prevodov drugih njenih del.<\/p>\n<p>Knjiga Lukasove Frankl in Bog ne nadome\u0161\u010da izvirnega Franklovega dela (\u010clovekovo iskanje najvi\u0161jega smisla), pa\u010d pa ga dopolnjuje; obe knjigi dajeta dober vpogled v logoterapevtska spoznanja o duhovnih zmo\u017enostih \u010dloveka, ko se znajde na meji svojega dometa pri iskanju smisla. Vendar pa pri\u010dujo\u010da knjiga Lukasove ni le pristen komentar temeljnega Franklovega dela s tega podro\u010dja, temve\u010d v njej posega po Franklovih citatih o \u010dlovekovem iskanju prese\u017enega smisla iz njegovih mnogih knjig, vse pa prepleta s svojimi lastnimi spoznanji.<\/p>\n<h5><em>Format: 13&#215;20 cm <br \/><\/em><em>\u0160tevilo strani: 200 strani <br \/><\/em><em>Vezava: trda vezava<\/em><\/h5>\n<p>[\/et_pb_text][\/et_pb_column][\/et_pb_row][\/et_pb_section]<\/p>\n","protected":false},"excerpt":{"rendered":"<p>Knjiga Franklove u\u010denke Elizabeth Lukas v kateri se loteva Franklovih spoznanj o prese\u017enemu, spoznanj o duhovnih zmo\u017enostih \u010dloveka, ko se znajde na meji svojega dometa pri iskanju smisla.<\/p>\n","protected":false},"featured_media":45802,"comment_status":"open","ping_status":"closed","template":"","meta":{"_et_pb_use_builder":"on","_et_pb_old_content":""},"product_cat":[90,29],"product_tag":[],"class_list":{"0":"post-45800","1":"product","2":"type-product","3":"status-publish","4":"has-post-thumbnail","6":"product_cat-samopomoc","7":"product_cat-logoterapija","9":"first","10":"instock","11":"taxable","12":"shipping-taxable","13":"purchasable","14":"product-type-simple"},"_links":{"self":[{"href":"https:\/\/www.novisvet.si\/index.php?rest_route=\/wp\/v2\/product\/45800","targetHints":{"allow":["GET"]}}],"collection":[{"href":"https:\/\/www.novisvet.si\/index.php?rest_route=\/wp\/v2\/product"}],"about":[{"href":"https:\/\/www.novisvet.si\/index.php?rest_route=\/wp\/v2\/types\/product"}],"replies":[{"embeddable":true,"href":"https:\/\/www.novisvet.si\/index.php?rest_route=%2Fwp%2Fv2%2Fcomments&post=45800"}],"wp:featuredmedia":[{"embeddable":true,"href":"https:\/\/www.novisvet.si\/index.php?rest_route=\/wp\/v2\/media\/45802"}],"wp:attachment":[{"href":"https:\/\/www.novisvet.si\/index.php?rest_route=%2Fwp%2Fv2%2Fmedia&parent=45800"}],"wp:term":[{"taxonomy":"product_cat","embeddable":true,"href":"https:\/\/www.novisvet.si\/index.php?rest_route=%2Fwp%2Fv2%2Fproduct_cat&post=45800"},{"taxonomy":"product_tag","embeddable":true,"href":"https:\/\/www.novisvet.si\/index.php?rest_route=%2Fwp%2Fv2%2Fproduct_tag&post=45800"}],"curies":[{"name":"wp","href":"https:\/\/api.w.org\/{rel}","templated":true}]}}