{"id":45486,"date":"2010-10-01T09:27:19","date_gmt":"2010-10-01T07:27:19","guid":{"rendered":"http:\/\/www.novisvet.si\/?post_type=product&#038;p=45486"},"modified":"2019-04-24T09:30:09","modified_gmt":"2019-04-24T07:30:09","slug":"sveti-vincencij-pavelski","status":"publish","type":"product","link":"https:\/\/www.novisvet.si\/?product=sveti-vincencij-pavelski","title":{"rendered":"Sveti Vincencij Pavelski"},"content":{"rendered":"<p>[et_pb_section bb_built=&#8221;1&#8243;][et_pb_row][et_pb_column type=&#8221;4_4&#8243;][et_pb_text _builder_version=&#8221;3.21.1&#8243; text_font=&#8221;Noto Serif||||||||&#8221; header_text_color=&#8221;#aa0066&#8243; header_2_text_color=&#8221;#8300e9&#8243; text_text_color=&#8221;#000000&#8243; header_2_font_size=&#8221;22px&#8221; header_5_text_color=&#8221;#000000&#8243; header_5_line_height=&#8221;1.5em&#8221; header_5_font=&#8221;|||||on|||&#8221; header_3_text_color=&#8221;#5a31b2&#8243; header_3_font_size=&#8221;16px&#8221; z_index_tablet=&#8221;500&#8243;]<\/p>\n<h2>Jean Pierre Renouard<\/h2>\n<h1>Sveti Vincencij Pavelski<\/h1>\n<p>Ta knjiga nam bo v petnajstih premi\u0161ljevanjih pomagala spoznati duhovnost sv. Vincencija Pavelskega (1581\u20131660).<\/p>\n<p>Prva tri premi\u0161ljevanja s pomo\u010djo njegove duhovne izku\u0161nje poglabljajo na\u0161o vero, naslednjih \u0161est premi\u0161ljevanj opisuje njegovo globoko spreobrnjenje: kako \u017eivi svoje darovanje Bogu in ubogim, in nas vabi, da ga posnemamo. Naslednja tri so namenjena molitvi, ki je bila gonilna sila njegovega \u017eivljenja. Zadnja tri premi\u0161ljevanja ka\u017eejo njegovo ljubezen do duhovni\u0161tva, glavne kreposti in skupno delo v Cerkvi.<br \/>Knjiga izhaja ob 350. obletnici smrti Vincencija Pavelskega (1581-1660), ustanovitelja Misijonske dru\u017ebe (lazaristov).<\/p>\n<p>\u00a0<\/p>\n<h5>Format: 11,5 x 19 cm<\/h5>\n<h5>Strani:\u00a0 104<\/h5>\n<h5>Vezava: mehka<\/h5>\n<p>[\/et_pb_text][\/et_pb_column][\/et_pb_row][\/et_pb_section]<\/p>\n","protected":false},"excerpt":{"rendered":"<p>Ta knjiga nam bo v petnajstih premi\u0161ljevanjih pomagala spoznati duhovnost sv. Vincencija Pavelskega (1581\u20131660).<\/p>\n","protected":false},"featured_media":45487,"comment_status":"open","ping_status":"closed","template":"","meta":{"_et_pb_use_builder":"on","_et_pb_old_content":""},"product_cat":[82,61],"product_tag":[135],"_links":{"self":[{"href":"https:\/\/www.novisvet.si\/index.php?rest_route=\/wp\/v2\/product\/45486"}],"collection":[{"href":"https:\/\/www.novisvet.si\/index.php?rest_route=\/wp\/v2\/product"}],"about":[{"href":"https:\/\/www.novisvet.si\/index.php?rest_route=\/wp\/v2\/types\/product"}],"replies":[{"embeddable":true,"href":"https:\/\/www.novisvet.si\/index.php?rest_route=%2Fwp%2Fv2%2Fcomments&post=45486"}],"wp:featuredmedia":[{"embeddable":true,"href":"https:\/\/www.novisvet.si\/index.php?rest_route=\/wp\/v2\/media\/45487"}],"wp:attachment":[{"href":"https:\/\/www.novisvet.si\/index.php?rest_route=%2Fwp%2Fv2%2Fmedia&parent=45486"}],"wp:term":[{"taxonomy":"product_cat","embeddable":true,"href":"https:\/\/www.novisvet.si\/index.php?rest_route=%2Fwp%2Fv2%2Fproduct_cat&post=45486"},{"taxonomy":"product_tag","embeddable":true,"href":"https:\/\/www.novisvet.si\/index.php?rest_route=%2Fwp%2Fv2%2Fproduct_tag&post=45486"}],"curies":[{"name":"wp","href":"https:\/\/api.w.org\/{rel}","templated":true}]}}