{"id":45459,"date":"2011-12-23T10:50:39","date_gmt":"2011-12-23T09:50:39","guid":{"rendered":"http:\/\/www.novisvet.si\/?post_type=product&#038;p=45459"},"modified":"2019-04-23T10:54:19","modified_gmt":"2019-04-23T08:54:19","slug":"jozefmarija-escriva","status":"publish","type":"product","link":"https:\/\/www.novisvet.si\/?product=jozefmarija-escriva","title":{"rendered":"Jo\u017eefmarija Escriv\u00e1"},"content":{"rendered":"<p>[et_pb_section bb_built=&#8221;1&#8243;][et_pb_row][et_pb_column type=&#8221;4_4&#8243;][et_pb_text _builder_version=&#8221;3.21.1&#8243; text_font=&#8221;Noto Serif||||||||&#8221; header_text_color=&#8221;#aa0066&#8243; header_2_text_color=&#8221;#8300e9&#8243; text_text_color=&#8221;#000000&#8243; header_2_font_size=&#8221;22px&#8221; header_5_text_color=&#8221;#000000&#8243; header_5_line_height=&#8221;1.5em&#8221; header_5_font=&#8221;|||||on|||&#8221; header_3_text_color=&#8221;#5a31b2&#8243; header_3_font_size=&#8221;16px&#8221; z_index_tablet=&#8221;500&#8243;]<\/p>\n<h2>Guillaume Derville<\/h2>\n<h1>Jo\u017eefmarija Escriv\u00e1<\/h1>\n<p style=\"text-align: left;\" align=\"right\">Jo\u017eefmarija je kot duhovnik slu\u017eboval v madridskih bolni\u0161nicah, v revnih mestnih predelih in v predmestju. Iz njegove pomo\u010di ubogim in bolnim, darovanja trpljenja in evharistije se je rodilo gibaje Opus Dei.<\/p>\n<p>\u00bbVe\u010dkrat sem imel prilo\u017enost sre\u010dati msgr. Escriv\u00e1ja, ustanovitelja Opus Dei. Po najinih pogovorih mi bo ostal v spominu kot nekdo, ki je govoril le o Bogu. \u010cas pogovora z njim je bil kot \u010das molitve. \u010cutilo se je, da \u017eivi sredi sveta v navzo\u010dnosti Boga, o \u010demer je pri\u010deval vse od leta 1928,\u00ab pi\u0161e pari\u0161ki nad\u0161kof in kardinal Fran\u00e7ois Marty v pismu pape\u017eu, 8. januarja 1979. Avtor pri\u010dujo\u010de knjige nas vabi, da tudi mi vstopimo v to navzo\u010dnost s svetim Jo\u017eefmarijem Escriv\u00e1jem (1902\u20131975) ob premi\u0161ljevanju o izbranih osebah iz evangelija in se po duhovni pedagogiki ustanovitelja Opus Dei postavimo na prizori\u0161\u010de predstavljenega evangeljskega dogodka. Kajti brati Jezusovo \u017eivljenje je zanj pomenilo potopiti se v Ljubezen in iz te Ljubezni \u00bbstrastno ljubiti svet\u00ab.<\/p>\n<h4>\u00a0<\/h4>\n<h5><span class=\"field-label \">Format:\u00a0<\/span><span class=\"field-value\">12&#215;19 cm<\/span>\u00a0<br \/><span class=\"field-label \">\u0160tevilo strani:\u00a0<\/span><span class=\"field-value\">104 strani<\/span>\u00a0<br \/><span class=\"field-label \">Vezava:\u00a0<\/span><span class=\"field-value\">mehka vezava<\/span>\u00a0<\/h5>\n<p>[\/et_pb_text][\/et_pb_column][\/et_pb_row][\/et_pb_section]<\/p>\n","protected":false},"excerpt":{"rendered":"<p>Jo\u017eefmarija je kot duhovnik slu\u017eboval v madridskih bolni\u0161nicah, v revnih mestnih predelih in v predmestju. Iz njegove pomo\u010di ubogim in bolnim, darovanja trpljenja in evharistije se je rodilo gibaje Opus Dei.<\/p>\n","protected":false},"featured_media":45460,"comment_status":"open","ping_status":"closed","template":"","meta":{"_et_pb_use_builder":"on","_et_pb_old_content":""},"product_cat":[82],"product_tag":[134,133],"_links":{"self":[{"href":"https:\/\/www.novisvet.si\/index.php?rest_route=\/wp\/v2\/product\/45459"}],"collection":[{"href":"https:\/\/www.novisvet.si\/index.php?rest_route=\/wp\/v2\/product"}],"about":[{"href":"https:\/\/www.novisvet.si\/index.php?rest_route=\/wp\/v2\/types\/product"}],"replies":[{"embeddable":true,"href":"https:\/\/www.novisvet.si\/index.php?rest_route=%2Fwp%2Fv2%2Fcomments&post=45459"}],"wp:featuredmedia":[{"embeddable":true,"href":"https:\/\/www.novisvet.si\/index.php?rest_route=\/wp\/v2\/media\/45460"}],"wp:attachment":[{"href":"https:\/\/www.novisvet.si\/index.php?rest_route=%2Fwp%2Fv2%2Fmedia&parent=45459"}],"wp:term":[{"taxonomy":"product_cat","embeddable":true,"href":"https:\/\/www.novisvet.si\/index.php?rest_route=%2Fwp%2Fv2%2Fproduct_cat&post=45459"},{"taxonomy":"product_tag","embeddable":true,"href":"https:\/\/www.novisvet.si\/index.php?rest_route=%2Fwp%2Fv2%2Fproduct_tag&post=45459"}],"curies":[{"name":"wp","href":"https:\/\/api.w.org\/{rel}","templated":true}]}}