{"id":45457,"date":"2011-09-23T10:45:54","date_gmt":"2011-09-23T08:45:54","guid":{"rendered":"http:\/\/www.novisvet.si\/?post_type=product&#038;p=45457"},"modified":"2019-04-23T10:50:27","modified_gmt":"2019-04-23T08:50:27","slug":"ogenj-je-tvoja-beseda","status":"publish","type":"product","link":"https:\/\/www.novisvet.si\/?product=ogenj-je-tvoja-beseda","title":{"rendered":"Ogenj je tvoja beseda"},"content":{"rendered":"<p>[et_pb_section bb_built=&#8221;1&#8243;][et_pb_row][et_pb_column type=&#8221;4_4&#8243;][et_pb_text _builder_version=&#8221;3.21.1&#8243; text_font=&#8221;Noto Serif||||||||&#8221; header_text_color=&#8221;#aa0066&#8243; header_2_text_color=&#8221;#8300e9&#8243; text_text_color=&#8221;#000000&#8243; header_2_font_size=&#8221;22px&#8221; header_5_text_color=&#8221;#000000&#8243; header_5_line_height=&#8221;1.5em&#8221; header_5_font=&#8221;|||||on|||&#8221; header_3_text_color=&#8221;#5a31b2&#8243; header_3_font_size=&#8221;16px&#8221; z_index_tablet=&#8221;500&#8243;]<\/p>\n<h2>Fabio Ciardi<\/h2>\n<h1>OGENJ JE TVOJA BESEDA<\/h1>\n<h3>Kako \u017eiveti Evangelij<\/h3>\n<p>Bo\u017eja beseda je ogenj, ki v\u017ege in spremeni vase vse, kar sre\u010da: v stari zavezi po glasu prerokov govori vsemu \u010dlove\u0161tvu, v novi zavezi pa se beseda utelesi v Jezusu, Sinu, ki o\u017eivlja pogovor med Bogom in \u010dlovekom. V knjigi so premi\u0161ljevanja, kako naj \u017eivimo evangelij v lu\u010di Bo\u017eje besede v njenem neskon\u010dnem bogastvu in neskon\u010dni mo\u010di.<\/p>\n<h4>\u00a0<\/h4>\n<h5><span class=\"field-label \">Format:\u00a0<\/span><span class=\"field-value\">13&#215;20 cm<\/span>\u00a0<br \/><span class=\"field-label \">\u0160tevilo strani:\u00a0<\/span><span class=\"field-value\">119 strani<\/span>\u00a0<br \/><span class=\"field-label \">Vezava:\u00a0<\/span><span class=\"field-value\">mehka vezava<\/span>\u00a0<\/h5>\n<p>[\/et_pb_text][\/et_pb_column][\/et_pb_row][\/et_pb_section]<\/p>\n","protected":false},"excerpt":{"rendered":"<p>V knjigi so premi\u0161ljevanja, kako naj \u017eivimo evangelij v lu\u010di Bo\u017eje besede v njenem neskon\u010dnem bogastvu in neskon\u010dni mo\u010di.<\/p>\n","protected":false},"featured_media":45458,"comment_status":"open","ping_status":"closed","template":"","meta":{"_et_pb_use_builder":"on","_et_pb_old_content":""},"product_cat":[82,59],"product_tag":[132],"_links":{"self":[{"href":"https:\/\/www.novisvet.si\/index.php?rest_route=\/wp\/v2\/product\/45457"}],"collection":[{"href":"https:\/\/www.novisvet.si\/index.php?rest_route=\/wp\/v2\/product"}],"about":[{"href":"https:\/\/www.novisvet.si\/index.php?rest_route=\/wp\/v2\/types\/product"}],"replies":[{"embeddable":true,"href":"https:\/\/www.novisvet.si\/index.php?rest_route=%2Fwp%2Fv2%2Fcomments&post=45457"}],"wp:featuredmedia":[{"embeddable":true,"href":"https:\/\/www.novisvet.si\/index.php?rest_route=\/wp\/v2\/media\/45458"}],"wp:attachment":[{"href":"https:\/\/www.novisvet.si\/index.php?rest_route=%2Fwp%2Fv2%2Fmedia&parent=45457"}],"wp:term":[{"taxonomy":"product_cat","embeddable":true,"href":"https:\/\/www.novisvet.si\/index.php?rest_route=%2Fwp%2Fv2%2Fproduct_cat&post=45457"},{"taxonomy":"product_tag","embeddable":true,"href":"https:\/\/www.novisvet.si\/index.php?rest_route=%2Fwp%2Fv2%2Fproduct_tag&post=45457"}],"curies":[{"name":"wp","href":"https:\/\/api.w.org\/{rel}","templated":true}]}}