{"id":45452,"date":"2012-04-01T13:58:12","date_gmt":"2012-04-01T11:58:12","guid":{"rendered":"http:\/\/www.novisvet.si\/?post_type=product&#038;p=45452"},"modified":"2019-04-19T14:00:46","modified_gmt":"2019-04-19T12:00:46","slug":"martin-buber-vse-resnicno-zivljenje-je-srecanje","status":"publish","type":"product","link":"https:\/\/www.novisvet.si\/?product=martin-buber-vse-resnicno-zivljenje-je-srecanje","title":{"rendered":"Martin Buber &#8211; Vse resni\u010dno \u017eivljenje je sre\u010danje"},"content":{"rendered":"<p>[et_pb_section bb_built=&#8221;1&#8243;][et_pb_row][et_pb_column type=&#8221;4_4&#8243;][et_pb_text _builder_version=&#8221;3.21.1&#8243; text_font=&#8221;Noto Serif||||||||&#8221; header_text_color=&#8221;#aa0066&#8243; header_2_text_color=&#8221;#8300e9&#8243; text_text_color=&#8221;#000000&#8243; header_2_font_size=&#8221;22px&#8221; header_5_text_color=&#8221;#000000&#8243; header_5_line_height=&#8221;1.5em&#8221; header_5_font=&#8221;|||||on|||&#8221; header_3_text_color=&#8221;#5a31b2&#8243; header_3_font_size=&#8221;16px&#8221; z_index_tablet=&#8221;500&#8243;]<\/p>\n<h2>Martin Buber<\/h2>\n<h1>Vse resni\u010dno \u017eivljenje je sre\u010danje<\/h1>\n<h3>\u00a0Izbral in uredil Stefan Liesenfeld<\/h3>\n<p>Filozof, vzgojitelj, avtor, prevajalec hebrejskega Svetega pisma, izdajatelj hasidskih pripovedi, prenovitelj zaho\u00addnega judovstva in pomemben sogovornik v kr\u0161\u010dansko\u00ad-judovskem dialogu.<\/p>\n<p>Stefan Liesenfeld, ki je misli izbral in uredil, je v uvodu zapisal:<br \/>\u00bbMartin Buber \u2013 prero\u0161ki lik, modrec, soustvarjatelj duhovnega \u017eivljenja 20. stoletja kot filozof, vzgojitelj, avtor, prevajalec hebrejskega Svetega pisma, izdajatelj hasidskih pripovedi, kot prenovitelj zahodnega judovstva in pomemben sogovornik v kr\u0161\u010dansko-judovskem dialogu.<br \/>Martin Buber \u2013 rojen leta 1878 na Dunaju, umrl leta 1965 v Jeruzalemu \u2013 je bil \u010dlovek, ki je znal dati te\u017eo besedam, celo tistim najkraj\u0161im kakor sta jaz in ti, in pri tem predvsem besedici \u201cin\u201d. Dialo\u0161ka ni bila zgolj njegova filozofija, dialo\u0161ko je bilo tudi njegovo \u017eivljenje.<br \/>Tudi \u010de ga ne moremo ve\u010d povpra\u0161ati, kaj \u201cnatan\u010dno\u201d je mi\u0161ljeno s to ali ono mislijo, tudi \u010de nam ve\u010d ne uspe, da bi \u201cvideli\u201d vse tisto, kar nam je hotel pokazati, vendarle \u010dutimo: Tukaj govori \u010dlovek, ki si upa pri\u010devati. Pri\u010devati za resni\u010dnost, ki se upira temu, da bi jo na hitro izrazili z govorico. Martin Buber si je sku\u0161al \u00bbprislu\u017eiti kompetentno besedo\u00ab. Kdor za\u010dne ne le brati, marve\u010d tudi prislu\u0161kovati, za\u010denja slutiti, kaj je \u201cresni\u010dno \u017eivljenje\u201d\u00ab.<\/p>\n<p>\u00a0<\/p>\n<h5>Format: 11 x 19 cm<\/h5>\n<h5>Strani:\u00a0 112<\/h5>\n<h5>Vezava: trda<\/h5>\n<p>[\/et_pb_text][\/et_pb_column][\/et_pb_row][\/et_pb_section]<\/p>\n","protected":false},"excerpt":{"rendered":"<p>Filozof, vzgojitelj, avtor, prevajalec hebrejskega Svetega pisma, izdajatelj hasidskih pripovedi, prenovitelj zaho\u00addnega judovstva in pomemben sogovornik v kr\u0161\u010dansko\u00ad-judovskem dialogu.<\/p>\n","protected":false},"featured_media":45453,"comment_status":"open","ping_status":"closed","template":"","meta":{"_et_pb_use_builder":"on","_et_pb_old_content":""},"product_cat":[82],"product_tag":[],"_links":{"self":[{"href":"https:\/\/www.novisvet.si\/index.php?rest_route=\/wp\/v2\/product\/45452"}],"collection":[{"href":"https:\/\/www.novisvet.si\/index.php?rest_route=\/wp\/v2\/product"}],"about":[{"href":"https:\/\/www.novisvet.si\/index.php?rest_route=\/wp\/v2\/types\/product"}],"replies":[{"embeddable":true,"href":"https:\/\/www.novisvet.si\/index.php?rest_route=%2Fwp%2Fv2%2Fcomments&post=45452"}],"wp:featuredmedia":[{"embeddable":true,"href":"https:\/\/www.novisvet.si\/index.php?rest_route=\/wp\/v2\/media\/45453"}],"wp:attachment":[{"href":"https:\/\/www.novisvet.si\/index.php?rest_route=%2Fwp%2Fv2%2Fmedia&parent=45452"}],"wp:term":[{"taxonomy":"product_cat","embeddable":true,"href":"https:\/\/www.novisvet.si\/index.php?rest_route=%2Fwp%2Fv2%2Fproduct_cat&post=45452"},{"taxonomy":"product_tag","embeddable":true,"href":"https:\/\/www.novisvet.si\/index.php?rest_route=%2Fwp%2Fv2%2Fproduct_tag&post=45452"}],"curies":[{"name":"wp","href":"https:\/\/api.w.org\/{rel}","templated":true}]}}