{"id":45172,"date":"2013-12-10T10:15:58","date_gmt":"2013-12-10T10:15:58","guid":{"rendered":"http:\/\/www.novisvet.si\/?post_type=product&#038;p=45172"},"modified":"2019-04-05T10:18:33","modified_gmt":"2019-04-05T10:18:33","slug":"medsebojna-ljubezen","status":"publish","type":"product","link":"https:\/\/www.novisvet.si\/?product=medsebojna-ljubezen","title":{"rendered":"Medsebojna ljubezen"},"content":{"rendered":"<p>[et_pb_section bb_built=&#8221;1&#8243;][et_pb_row][et_pb_column type=&#8221;4_4&#8243;][et_pb_text _builder_version=&#8221;3.21.1&#8243; text_font=&#8221;Noto Serif||||||||&#8221; header_text_color=&#8221;#aa0066&#8243; header_2_text_color=&#8221;#8300e9&#8243; text_text_color=&#8221;#000000&#8243; header_2_font_size=&#8221;22px&#8221; header_5_text_color=&#8221;#000000&#8243; header_5_line_height=&#8221;1.5em&#8221; header_5_font=&#8221;|||||on|||&#8221; header_3_text_color=&#8221;#5a31b2&#8243; header_3_font_size=&#8221;16px&#8221; z_index_tablet=&#8221;500&#8243;]<\/p>\n<h2>Chiara Lubich<\/h2>\n<h1>Medsebojna ljubezen<\/h1>\n<h3>Pripravila Florence Gillet<\/h3>\n<p>Morda mo\u017eje in \u017eene dana\u0161njega \u010dasa najmo\u010dneje hrepenijo prav po tem, da bi lahko v med\u010dlove\u0161kih odnosih \u017eiveli ljubezen, ki gre in se vra\u010da, ki se daruje in prejema v dinami\u010dnosti vzajemnosti. Ljubezen je zapisana v srce vsakega \u010dloveka, a se zdi, kakor da bi dejstva govorila ravno o nasprotnem ali da so jo ljudje celo izbrisali iz svoje vesti.<\/p>\n<p>\u010ceprav se je zavedala, da je njeno delo tvegano, je Chiara Lubich verjela v tak\u0161no medsebojnost zaradi Jezusovih besed, ki jih je \u017eivel najprej on sam: \u00bbNovo zapoved vam dam, da se ljubite med seboj! Kakor sem vas jaz ljubil, tako se tudi vi ljubite med seboj!\u00ab (Jn 13,34).<\/p>\n<p>Zgodovinski trenutek, ko se je nova zapoved medsebojne ljubezni pokazala mladi Chiari v vsej svoji logiki, jasnosti in prepri\u010dljivi mo\u010di, ima, kakor velja za ve\u010dino vidikov duhovnosti edinosti, okus po \u201codkritju\u201d ali to\u010dneje re\u010deno, po \u201cponovnem odkritju\u201d. Zato je ve\u010d kot \u0161estdeset let o tem odkritju govorila ne le tistim, ki so ji od bli\u017ee sledili, ampak tudi politikom, socialnim delavcem, ljudem razli\u010dnih veroizpovedi; s to knjigo pa \u017eeli spregovoriti tudi nam.<\/p>\n<p>Tukaj zbrana besedila prikazujejo preprosto in svetlo pot za uresni\u010devanje zapovedi medsebojne ljubezni.<\/p>\n<h4>\u00a0<\/h4>\n<h5><span class=\"field-label \">Format:\u00a0<\/span><span class=\"field-value\">13&#215;20 cm<\/span>\u00a0<br \/><span class=\"field-label \">\u0160tevilo strani:\u00a0<\/span><span class=\"field-value\">128 strani<\/span>\u00a0<br \/><span class=\"field-label \">Vezava:\u00a0<\/span><span class=\"field-value\">mehka vezava<\/span>\u00a0<\/h5>\n<p>[\/et_pb_text][\/et_pb_column][\/et_pb_row][\/et_pb_section]<\/p>\n","protected":false},"excerpt":{"rendered":"<p>\u010ceprav se je zavedala, da je njeno delo tvegano, je Chiara Lubich verjela v tak\u0161no medsebojnost zaradi Jezusovih besed, ki jih je \u017eivel najprej on sam: \u00bbNovo zapoved vam dam, da se ljubite med seboj! Kakor sem vas jaz ljubil, tako se tudi vi ljubite med seboj!\u00ab<\/p>\n","protected":false},"featured_media":45173,"comment_status":"open","ping_status":"closed","template":"","meta":{"_et_pb_use_builder":"on","_et_pb_old_content":""},"product_cat":[26],"product_tag":[101],"_links":{"self":[{"href":"https:\/\/www.novisvet.si\/index.php?rest_route=\/wp\/v2\/product\/45172"}],"collection":[{"href":"https:\/\/www.novisvet.si\/index.php?rest_route=\/wp\/v2\/product"}],"about":[{"href":"https:\/\/www.novisvet.si\/index.php?rest_route=\/wp\/v2\/types\/product"}],"replies":[{"embeddable":true,"href":"https:\/\/www.novisvet.si\/index.php?rest_route=%2Fwp%2Fv2%2Fcomments&post=45172"}],"wp:featuredmedia":[{"embeddable":true,"href":"https:\/\/www.novisvet.si\/index.php?rest_route=\/wp\/v2\/media\/45173"}],"wp:attachment":[{"href":"https:\/\/www.novisvet.si\/index.php?rest_route=%2Fwp%2Fv2%2Fmedia&parent=45172"}],"wp:term":[{"taxonomy":"product_cat","embeddable":true,"href":"https:\/\/www.novisvet.si\/index.php?rest_route=%2Fwp%2Fv2%2Fproduct_cat&post=45172"},{"taxonomy":"product_tag","embeddable":true,"href":"https:\/\/www.novisvet.si\/index.php?rest_route=%2Fwp%2Fv2%2Fproduct_tag&post=45172"}],"curies":[{"name":"wp","href":"https:\/\/api.w.org\/{rel}","templated":true}]}}