{"id":45170,"date":"2014-01-15T10:11:39","date_gmt":"2014-01-15T10:11:39","guid":{"rendered":"http:\/\/www.novisvet.si\/?post_type=product&#038;p=45170"},"modified":"2022-10-27T20:39:09","modified_gmt":"2022-10-27T18:39:09","slug":"tik-in-tak-povsem-naravno","status":"publish","type":"product","link":"https:\/\/www.novisvet.si\/?product=tik-in-tak-povsem-naravno","title":{"rendered":"Tik in Tak &#8211; Povsem naravno"},"content":{"rendered":"<p>[et_pb_section bb_built=&#8221;1&#8243;][et_pb_row][et_pb_column type=&#8221;4_4&#8243;][et_pb_text _builder_version=&#8221;3.21.1&#8243; text_font=&#8221;Noto Serif||||||||&#8221; header_text_color=&#8221;#aa0066&#8243; header_2_text_color=&#8221;#8300e9&#8243; text_text_color=&#8221;#000000&#8243; header_2_font_size=&#8221;22px&#8221; header_5_text_color=&#8221;#000000&#8243; header_5_line_height=&#8221;1.5em&#8221; header_5_font=&#8221;|||||on|||&#8221; header_3_text_color=&#8221;#5a31b2&#8243; header_3_font_size=&#8221;16px&#8221; z_index_tablet=&#8221;500&#8243;]<\/p>\n<h2>Walter Kostner<\/h2>\n<h1>TIK IN TAK<\/h1>\n<h3 style=\"font-weight: 400;\"><strong>Povsem naravno: to so eko-pustolov\u0161\u010dine Tika in Taka<\/strong>.<\/h3>\n<p style=\"font-weight: 400;\">Predstavljajte si, da bi \u0161vedska Akademija znanosti ustanovila novo Nobelovo nagrado, nagrado za ekologijo \u2013 zagotovo bi<br \/>jo podelila Tiku in Taku.<\/p>\n<p>To bi bilo res lepo, kajti ko prebere\u0161\u00a0<em>Povsem \u2026 naravno<\/em>, je vsakomur jasno, zakaj bi lahko dobila nagrado. Tik in Tak, ne\u017ena<br \/>in \u017eivahna kot vedno, tokrat ponujata zamisel, ki si bo zagotovo \u0161e utrla pot: poleg \u017eivali, rastlin in okolja je treba za\u0161\u010dititi<br \/>in re\u0161iti tudi ljudi.<\/p>\n<p><strong>Walter Kostner<\/strong>\u00a0(poosebljeni Tak) je vsaj iz dveh razlogov otrok umetnosti: rodil se je v kraju Ortisei, v srcu ju\u017enotirolskih<br \/>gora, kjer je narava \u010dudovita kot umetni\u0161ko delo. In \u0161e: rodil se je in rasel v dru\u017eini umetnikov \u2013 rezbarjev. Poznajo ga tudi<br \/>po svetu zaradi dela z otroki: iz prijateljstva z nekaterimi so nastali stripi s Tikom in Takom.<\/p>\n<h4>\u00a0<\/h4>\n<h5><span class=\"field-label \">Format: 21<\/span><span class=\"field-value\">x14 cm<\/span>\u00a0<br \/><span class=\"field-label \">\u0160tevilo strani:\u00a0<\/span><span class=\"field-value\">48 strani<\/span>\u00a0<br \/><span class=\"field-label \">Vezava:\u00a0<\/span><span class=\"field-value\">mehka vezava<\/span>\u00a0<\/h5>\n<p>[\/et_pb_text][\/et_pb_column][\/et_pb_row][\/et_pb_section]<\/p>\n","protected":false},"excerpt":{"rendered":"<p>Strip Tik in Tak nam s svojimi prisr\u010dnimi risbami v kratkih zgodbah spregovori o vsakdanjem \u017eivljenju, naravi, iskanju samega sebe in drugih.<\/p>\n","protected":false},"featured_media":45171,"comment_status":"open","ping_status":"closed","template":"","meta":{"_et_pb_use_builder":"on","_et_pb_old_content":""},"product_cat":[28,27],"product_tag":[120,119],"_links":{"self":[{"href":"https:\/\/www.novisvet.si\/index.php?rest_route=\/wp\/v2\/product\/45170"}],"collection":[{"href":"https:\/\/www.novisvet.si\/index.php?rest_route=\/wp\/v2\/product"}],"about":[{"href":"https:\/\/www.novisvet.si\/index.php?rest_route=\/wp\/v2\/types\/product"}],"replies":[{"embeddable":true,"href":"https:\/\/www.novisvet.si\/index.php?rest_route=%2Fwp%2Fv2%2Fcomments&post=45170"}],"wp:featuredmedia":[{"embeddable":true,"href":"https:\/\/www.novisvet.si\/index.php?rest_route=\/wp\/v2\/media\/45171"}],"wp:attachment":[{"href":"https:\/\/www.novisvet.si\/index.php?rest_route=%2Fwp%2Fv2%2Fmedia&parent=45170"}],"wp:term":[{"taxonomy":"product_cat","embeddable":true,"href":"https:\/\/www.novisvet.si\/index.php?rest_route=%2Fwp%2Fv2%2Fproduct_cat&post=45170"},{"taxonomy":"product_tag","embeddable":true,"href":"https:\/\/www.novisvet.si\/index.php?rest_route=%2Fwp%2Fv2%2Fproduct_tag&post=45170"}],"curies":[{"name":"wp","href":"https:\/\/api.w.org\/{rel}","templated":true}]}}