{"id":45164,"date":"2014-09-05T10:00:59","date_gmt":"2014-09-05T10:00:59","guid":{"rendered":"http:\/\/www.novisvet.si\/?post_type=product&#038;p=45164"},"modified":"2019-04-05T10:04:21","modified_gmt":"2019-04-05T10:04:21","slug":"janez-pavel-ii-misli","status":"publish","type":"product","link":"https:\/\/www.novisvet.si\/?product=janez-pavel-ii-misli","title":{"rendered":"Janez Pavel II. Misli"},"content":{"rendered":"<p>[et_pb_section bb_built=&#8221;1&#8243;][et_pb_row][et_pb_column type=&#8221;4_4&#8243;][et_pb_text _builder_version=&#8221;3.21.1&#8243; text_font=&#8221;Noto Serif||||||||&#8221; header_text_color=&#8221;#aa0066&#8243; header_2_text_color=&#8221;#8300e9&#8243; text_text_color=&#8221;#000000&#8243; header_2_font_size=&#8221;22px&#8221; header_5_text_color=&#8221;#000000&#8243; header_5_line_height=&#8221;1.5em&#8221; header_5_font=&#8221;|||||on|||&#8221; header_3_text_color=&#8221;#5a31b2&#8243; header_3_font_size=&#8221;16px&#8221; z_index_tablet=&#8221;500&#8243;]<\/p>\n<h2><a href=\"http:\/\/www.novisvet.si\/index.php\/component\/content\/?id=1000:knjigarna-ns-kazalo-zbirk&amp;catid=79:knjige&amp;Itemid=132\">Renzo Sala<\/a><\/h2>\n<h1>Janez Pavel II. &#8211; Misli<\/h1>\n<h3>Izbrane misli pape\u017ea Janeza Pavla II., ki nam pomagajo vstopiti v veli\u010dino tega svetnika, dopolnjujejo \u017eivljenjepisni utrinki.<\/h3>\n<p>Paleto ilustracij preveva umirjena razpolo\u017eljivost Janeza Pavla II., da se izro\u010di Tistemu, ki je \u00bbnajbolj \u010dudovit, vsemogo\u010dni upodabljavec svetnikov\u00ab. Podobe Wojtyle kot otroka brez matere, \u010dloveka molitve, mladega \u0161kofa, postaranega in utrujenega pape\u017ea, ki se naslanja na kri\u017e, \u010dloveka miru in ljubezni, romarja po poteh sveta in ljudi, ne izpustijo nobene podrobnosti in ponujajo na\u0161emu spominu \u010dil in ljube\u010d obraz.<\/p>\n<p>Sem samo popotnik<\/p>\n<p>na ozki poti tega sveta,<\/p>\n<p>ki nikoli ne odvra\u010da pogleda<\/p>\n<p>s Tvojega obraza.<\/p>\n<h4>\u00a0<\/h4>\n<h5><span class=\"field-label \">Format:\u00a0<\/span><span class=\"field-value\">10&#215;15 cm<\/span>\u00a0<br \/><span class=\"field-label \">\u0160tevilo strani:\u00a0<\/span><span class=\"field-value\">16 strani<\/span>\u00a0<br \/><span class=\"field-label \">Vezava:\u00a0<\/span><span class=\"field-value\">mehka vezava<\/span>\u00a0<\/h5>\n<p>[\/et_pb_text][\/et_pb_column][\/et_pb_row][\/et_pb_section]<\/p>\n","protected":false},"excerpt":{"rendered":"<p>Sem samo popotnik na ozki poti tega sveta, ki nikoli ne odvra\u010da pogleda s Tvojega obraza.<\/p>\n","protected":false},"featured_media":45165,"comment_status":"open","ping_status":"closed","template":"","meta":{"_et_pb_use_builder":"on","_et_pb_old_content":""},"product_cat":[82,59],"product_tag":[],"_links":{"self":[{"href":"https:\/\/www.novisvet.si\/index.php?rest_route=\/wp\/v2\/product\/45164"}],"collection":[{"href":"https:\/\/www.novisvet.si\/index.php?rest_route=\/wp\/v2\/product"}],"about":[{"href":"https:\/\/www.novisvet.si\/index.php?rest_route=\/wp\/v2\/types\/product"}],"replies":[{"embeddable":true,"href":"https:\/\/www.novisvet.si\/index.php?rest_route=%2Fwp%2Fv2%2Fcomments&post=45164"}],"wp:featuredmedia":[{"embeddable":true,"href":"https:\/\/www.novisvet.si\/index.php?rest_route=\/wp\/v2\/media\/45165"}],"wp:attachment":[{"href":"https:\/\/www.novisvet.si\/index.php?rest_route=%2Fwp%2Fv2%2Fmedia&parent=45164"}],"wp:term":[{"taxonomy":"product_cat","embeddable":true,"href":"https:\/\/www.novisvet.si\/index.php?rest_route=%2Fwp%2Fv2%2Fproduct_cat&post=45164"},{"taxonomy":"product_tag","embeddable":true,"href":"https:\/\/www.novisvet.si\/index.php?rest_route=%2Fwp%2Fv2%2Fproduct_tag&post=45164"}],"curies":[{"name":"wp","href":"https:\/\/api.w.org\/{rel}","templated":true}]}}