{"id":45120,"date":"2015-12-23T11:26:58","date_gmt":"2015-12-23T11:26:58","guid":{"rendered":"http:\/\/www.novisvet.si\/?post_type=product&#038;p=45120"},"modified":"2019-04-03T11:31:13","modified_gmt":"2019-04-03T11:31:13","slug":"edinost","status":"publish","type":"product","link":"https:\/\/www.novisvet.si\/?product=edinost","title":{"rendered":"Edinost"},"content":{"rendered":"<p>[et_pb_section bb_built=&#8221;1&#8243;][et_pb_row][et_pb_column type=&#8221;4_4&#8243;][et_pb_text _builder_version=&#8221;3.21.1&#8243; text_font=&#8221;Noto Serif||||||||&#8221; header_text_color=&#8221;#aa0066&#8243; header_2_text_color=&#8221;#8300e9&#8243; text_text_color=&#8221;#000000&#8243; header_2_font_size=&#8221;22px&#8221; header_5_text_color=&#8221;#000000&#8243; header_5_line_height=&#8221;1.5em&#8221; header_5_font=&#8221;|||||on|||&#8221; header_3_text_color=&#8221;#5a31b2&#8243; header_3_font_size=&#8221;16px&#8221; z_index_tablet=&#8221;500&#8243;]<\/p>\n<h2>Chiara Lubich<\/h2>\n<h1>Edinost<\/h1>\n<h3>uredila Donato Falmi in Florence Gillet<\/h3>\n<p>Edinost: sanjska beseda za sodobni svet, ki \u010duti skrajno potrebo po edinosti, \u010deprav je izkusil dramati\u010dne posledice napa\u010dne razlage te besede. Milostna beseda za kristjane, saj povzema zgodovino Boga s \u010dlove\u0161tvom in njegov na\u010drt, \u00bbda bi razkropljene Bo\u017eje otroke zbral v eno\u00ab (Jn 11,52), a prav tako za Cerkve, ki so po stoletjih bojev na novo zahrepenele po vrnitvi v \u010dase, ko smo bili \u00bbeno samo srce in ena du\u0161a\u00ab. Obvezujo\u010da beseda za \u0161tevilne ljudi dobre volje, ki \u017eelijo premagati prelome in spopade, ki vznemirjajo na\u0161 svet.<\/p>\n<p>Edinost je tudi beseda, ki \u017ee sama po sebi ozna\u010duje karizmo Chiare Lubich, za katero \u00bbje tisti, ki usmeri svoje \u017eivljenje k edinosti, zadel bistvo Bo\u017ejega srca\u00ab. Ker je polna razli\u010dnih odtenkov, postaja tudi zavzemanje, da bi na\u0161li prilo\u017enosti in na\u010dine za dialog na razli\u010dnih podro\u010djih, tako da imamo pred seboj vesoljno bratstvo in zedinjen svet.<\/p>\n<h4>\u00a0<\/h4>\n<h5><span class=\"field-label \">Format:\u00a0<\/span><span class=\"field-value\">13&#215;20 cm<\/span>\u00a0<br \/><span class=\"field-label \">\u0160tevilo strani: 134<\/span><span class=\"field-value\">\u00a0strani<\/span>\u00a0<br \/><span class=\"field-label \">Vezava:\u00a0<\/span><span class=\"field-value\">mehka vezava<\/span>\u00a0<\/h5>\n<p>[\/et_pb_text][\/et_pb_column][\/et_pb_row][\/et_pb_section]<\/p>\n","protected":false},"excerpt":{"rendered":"<p>Milostna beseda za kristjane, saj povzema zgodovino Boga s \u010dlove\u0161tvom in njegov na\u010drt, \u00bbda bi razkropljene Bo\u017eje otroke zbral v eno\u00ab.<\/p>\n","protected":false},"featured_media":45121,"comment_status":"open","ping_status":"closed","template":"","meta":{"_et_pb_use_builder":"on","_et_pb_old_content":""},"product_cat":[26],"product_tag":[101],"class_list":{"0":"post-45120","1":"product","2":"type-product","3":"status-publish","4":"has-post-thumbnail","6":"product_cat-duhovnost","7":"product_tag-chiara-lubich","9":"first","10":"instock","11":"sale","12":"taxable","13":"shipping-taxable","14":"purchasable","15":"product-type-simple"},"_links":{"self":[{"href":"https:\/\/www.novisvet.si\/index.php?rest_route=\/wp\/v2\/product\/45120","targetHints":{"allow":["GET"]}}],"collection":[{"href":"https:\/\/www.novisvet.si\/index.php?rest_route=\/wp\/v2\/product"}],"about":[{"href":"https:\/\/www.novisvet.si\/index.php?rest_route=\/wp\/v2\/types\/product"}],"replies":[{"embeddable":true,"href":"https:\/\/www.novisvet.si\/index.php?rest_route=%2Fwp%2Fv2%2Fcomments&post=45120"}],"wp:featuredmedia":[{"embeddable":true,"href":"https:\/\/www.novisvet.si\/index.php?rest_route=\/wp\/v2\/media\/45121"}],"wp:attachment":[{"href":"https:\/\/www.novisvet.si\/index.php?rest_route=%2Fwp%2Fv2%2Fmedia&parent=45120"}],"wp:term":[{"taxonomy":"product_cat","embeddable":true,"href":"https:\/\/www.novisvet.si\/index.php?rest_route=%2Fwp%2Fv2%2Fproduct_cat&post=45120"},{"taxonomy":"product_tag","embeddable":true,"href":"https:\/\/www.novisvet.si\/index.php?rest_route=%2Fwp%2Fv2%2Fproduct_tag&post=45120"}],"curies":[{"name":"wp","href":"https:\/\/api.w.org\/{rel}","templated":true}]}}