{"id":45090,"date":"2016-04-28T10:32:31","date_gmt":"2016-04-28T10:32:31","guid":{"rendered":"http:\/\/www.novisvet.si\/?post_type=product&#038;p=45090"},"modified":"2021-05-12T10:44:13","modified_gmt":"2021-05-12T08:44:13","slug":"v-bozji-igri","status":"publish","type":"product","link":"https:\/\/www.novisvet.si\/?product=v-bozji-igri","title":{"rendered":"V bo\u017eji igri"},"content":{"rendered":"<p>[et_pb_section bb_built=&#8221;1&#8243; inner_width=&#8221;auto&#8221; inner_max_width=&#8221;none&#8221; locked=&#8221;on&#8221;][et_pb_row parent_locked=&#8221;on&#8221;][et_pb_column type=&#8221;4_4&#8243;][et_pb_text _builder_version=&#8221;3.21.1&#8243; text_font=&#8221;Noto Serif||||||||&#8221; header_text_color=&#8221;#aa0066&#8243; header_2_text_color=&#8221;#8300e9&#8243; text_text_color=&#8221;#000000&#8243; header_2_font_size=&#8221;22px&#8221; header_5_text_color=&#8221;#000000&#8243; header_5_line_height=&#8221;1.5em&#8221; header_5_font=&#8221;|||||on|||&#8221; header_3_text_color=&#8221;#5a31b2&#8243; header_3_font_size=&#8221;16px&#8221; z_index_tablet=&#8221;500&#8243; parent_locked=&#8221;on&#8221;]<\/p>\n<h2>Mariagrazia Magrini<\/h2>\n<h1>V Bo\u017eji igri<\/h1>\n<h3>Bla\u017eena Chiara Luce Badano<\/h3>\n<p>Bla\u017eena Chiara Badano je med razli\u010dnimi tekmami, v katerih se pomerjajo mladi \u2013 v \u0161portu, pri \u0161tudiju, zabavi \u2013 izbrala najodlo\u010dilnej\u0161i izziv. In zmagala!<\/p>\n<p>Uspelo ji je dose\u010di najvi\u0161ji cilj med vsemi ideali: osvojila je Kristusovo srce.<\/p>\n<p>\u00bbV mladih je prihodnost in jaz jim ho\u010dem prinesti plamenico kot na olimpijadi. Mladi imajo eno samo \u017eivljenje in vredno ga je pre\u017eiveti dobro.\u00ab<\/p>\n<p>\u00bbKorak za korakom moram uresni\u010devati Bo\u017ejo voljo: biti moram v Bo\u017eji igri!\u00ab<\/p>\n<p>Avtorica Mariagrazia Magrini, ki je dejavno sodelovala v postopku beatifikacije, \u0161e naprej navdu\u0161eno pri\u010duje o bla\u017eeni Chiari po Italiji in po svetu, uredila je ve\u010d publikacij in poleg te izdala \u0161e \u0161tiri knjige o njej.<\/p>\n<h5>\u00a0<\/h5>\n<h5><span class=\"field-label \">Format:\u00a0<\/span><span class=\"field-value\">12&#215;20,5 cm<\/span>\u00a0<br \/><span class=\"field-label \">\u0160tevilo strani:\u00a0<\/span><span class=\"field-value\">72 strani<\/span>\u00a0<br \/><span class=\"field-label \">Vezava:\u00a0<\/span><span class=\"field-value\">mehka vezava<\/span>\u00a0<\/h5>\n<p>[\/et_pb_text][\/et_pb_column][\/et_pb_row][\/et_pb_section]<\/p>\n","protected":false},"excerpt":{"rendered":"<p>Bla\u017eena Chiara Badano je med razli\u010dnimi tekmami, v katerih se pomerjajo mladi \u2013 v \u0161portu, pri \u0161tudiju, zabavi \u2013 izbrala najodlo\u010dilnej\u0161i izziv. In zmagala!<\/p>\n","protected":false},"featured_media":45091,"comment_status":"open","ping_status":"closed","template":"","meta":{"_et_pb_use_builder":"on","_et_pb_old_content":""},"product_cat":[82,61,28],"product_tag":[83],"_links":{"self":[{"href":"https:\/\/www.novisvet.si\/index.php?rest_route=\/wp\/v2\/product\/45090"}],"collection":[{"href":"https:\/\/www.novisvet.si\/index.php?rest_route=\/wp\/v2\/product"}],"about":[{"href":"https:\/\/www.novisvet.si\/index.php?rest_route=\/wp\/v2\/types\/product"}],"replies":[{"embeddable":true,"href":"https:\/\/www.novisvet.si\/index.php?rest_route=%2Fwp%2Fv2%2Fcomments&post=45090"}],"wp:featuredmedia":[{"embeddable":true,"href":"https:\/\/www.novisvet.si\/index.php?rest_route=\/wp\/v2\/media\/45091"}],"wp:attachment":[{"href":"https:\/\/www.novisvet.si\/index.php?rest_route=%2Fwp%2Fv2%2Fmedia&parent=45090"}],"wp:term":[{"taxonomy":"product_cat","embeddable":true,"href":"https:\/\/www.novisvet.si\/index.php?rest_route=%2Fwp%2Fv2%2Fproduct_cat&post=45090"},{"taxonomy":"product_tag","embeddable":true,"href":"https:\/\/www.novisvet.si\/index.php?rest_route=%2Fwp%2Fv2%2Fproduct_tag&post=45090"}],"curies":[{"name":"wp","href":"https:\/\/api.w.org\/{rel}","templated":true}]}}