{"id":45083,"date":"2016-10-07T10:07:38","date_gmt":"2016-10-07T10:07:38","guid":{"rendered":"http:\/\/www.novisvet.si\/?post_type=product&#038;p=45083"},"modified":"2019-03-29T11:13:29","modified_gmt":"2019-03-29T11:13:29","slug":"lociti-se-in-potem","status":"publish","type":"product","link":"https:\/\/www.novisvet.si\/?product=lociti-se-in-potem","title":{"rendered":"Lo\u010diti se&#8230; in potem?"},"content":{"rendered":"<p>[et_pb_section bb_built=&#8221;1&#8243;][et_pb_row][et_pb_column type=&#8221;4_4&#8243;][et_pb_text _builder_version=&#8221;3.21.1&#8243; text_font=&#8221;Noto Serif||||||||&#8221; header_text_color=&#8221;#aa0066&#8243; header_2_text_color=&#8221;#8300e9&#8243; text_text_color=&#8221;#000000&#8243; header_2_font_size=&#8221;22px&#8221; header_5_text_color=&#8221;#000000&#8243; header_5_line_height=&#8221;1.5em&#8221; header_5_font=&#8221;|||||on|||&#8221; header_3_text_color=&#8221;#5a31b2&#8243; header_3_font_size=&#8221;16px&#8221; z_index_tablet=&#8221;500&#8243;]<\/p>\n<h2>Anna in Alberto Friso<\/h2>\n<h1>Lo\u010diti se &#8230; in potem?<\/h1>\n<h3>Bole\u010de okoli\u0161\u010dine lo\u010ditve<\/h3>\n<p>\u00bbKo lo\u010ditev prizadene nas osebno, je to tragedija. Naj pride nenadoma, kot strela z jasnega, ali o njej \u017ee dlje premi\u0161ljujemo, je lo\u010ditev vedno bole\u010da, tako za tistega, ki ga doleti, kot za tistega, ki jo povzro\u010di; ko se \u0161ele naznanja ali ko je \u017ee nepopravljivo dokon\u010dna. S to knji\u017eico avtorja za\u010denjata pogovor s tistimi, ki se jih dotika od blizu (s star\u0161i, otroki, sorodniki) ali jo \u017eivijo osebno. Prizadevata si to narediti rahlo\u010dutno, s spo\u0161tovanjem do edinstvenosti, ki je zna\u010dilna za vsako lo\u010ditev, in v prepri\u010danju, da razen prizadetih oseb o razli\u010dnih dogodkih ne more presojati nih\u010de.\u00ab<\/p>\n<p>Anna in Alberto Friso, ki se v Gibanju fokolarov na poseben na\u010din posve\u010data dru\u017einam, sta tudi \u010dlana Pape\u0161kega sveta za dru\u017eino. Doma sta iz Padove, \u017eivita in delata v Grottaferrati v Ri\u00admu. Alberto je sociolog, Anna pa je \u0161tudirala etiko na In\u0161titutu Janez Pavel II. na Pape\u0161ki lateranski univerzi. Imata \u0161tiri otroke in osem vnukov.<\/p>\n<h4>\u00a0<\/h4>\n<h5><span class=\"field-label \">Format:\u00a0<\/span><span class=\"field-value\">11&#215;18 cm<\/span>\u00a0<br \/><span class=\"field-label \">\u0160tevilo strani:\u00a0<\/span><span class=\"field-value\">88 strani<\/span>\u00a0<br \/><span class=\"field-label \">Vezava:\u00a0<\/span><span class=\"field-value\">mehka vezava<\/span>\u00a0<\/h5>\n<p>[\/et_pb_text][\/et_pb_column][\/et_pb_row][\/et_pb_section]<\/p>\n","protected":false},"excerpt":{"rendered":"<p>Ko lo\u010ditev prizadene nas osebno, je to tragedija. Naj pride nenadoma, kot strela z jasnega, ali o njej \u017ee dlje premi\u0161ljujemo, je lo\u010ditev vedno bole\u010da, tako za tistega, ki ga doleti, kot za tistega, ki jo povzro\u010di.<\/p>\n","protected":false},"featured_media":45084,"comment_status":"open","ping_status":"closed","template":"","meta":{"_et_pb_use_builder":"on","_et_pb_old_content":""},"product_cat":[90,60],"product_tag":[],"_links":{"self":[{"href":"https:\/\/www.novisvet.si\/index.php?rest_route=\/wp\/v2\/product\/45083"}],"collection":[{"href":"https:\/\/www.novisvet.si\/index.php?rest_route=\/wp\/v2\/product"}],"about":[{"href":"https:\/\/www.novisvet.si\/index.php?rest_route=\/wp\/v2\/types\/product"}],"replies":[{"embeddable":true,"href":"https:\/\/www.novisvet.si\/index.php?rest_route=%2Fwp%2Fv2%2Fcomments&post=45083"}],"wp:featuredmedia":[{"embeddable":true,"href":"https:\/\/www.novisvet.si\/index.php?rest_route=\/wp\/v2\/media\/45084"}],"wp:attachment":[{"href":"https:\/\/www.novisvet.si\/index.php?rest_route=%2Fwp%2Fv2%2Fmedia&parent=45083"}],"wp:term":[{"taxonomy":"product_cat","embeddable":true,"href":"https:\/\/www.novisvet.si\/index.php?rest_route=%2Fwp%2Fv2%2Fproduct_cat&post=45083"},{"taxonomy":"product_tag","embeddable":true,"href":"https:\/\/www.novisvet.si\/index.php?rest_route=%2Fwp%2Fv2%2Fproduct_tag&post=45083"}],"curies":[{"name":"wp","href":"https:\/\/api.w.org\/{rel}","templated":true}]}}