{"id":45076,"date":"2017-05-29T09:48:14","date_gmt":"2017-05-29T09:48:14","guid":{"rendered":"http:\/\/www.novisvet.si\/?post_type=product&#038;p=45076"},"modified":"2024-08-09T02:53:36","modified_gmt":"2024-08-09T00:53:36","slug":"luther-za-katolicane","status":"publish","type":"product","link":"https:\/\/www.novisvet.si\/?product=luther-za-katolicane","title":{"rendered":"Luther za katoli\u010dane"},"content":{"rendered":"<p>[et_pb_section bb_built=&#8221;1&#8243;][et_pb_row][et_pb_column type=&#8221;4_4&#8243;][et_pb_text _builder_version=&#8221;3.21.1&#8243; text_font=&#8221;Noto Serif||||||||&#8221; header_text_color=&#8221;#aa0066&#8243; header_2_text_color=&#8221;#8300e9&#8243; text_text_color=&#8221;#000000&#8243; header_2_font_size=&#8221;22px&#8221; header_5_text_color=&#8221;#000000&#8243; header_5_line_height=&#8221;1.5em&#8221; header_5_font=&#8221;|||||on|||&#8221; header_3_text_color=&#8221;#5a31b2&#8243; header_3_font_size=&#8221;16px&#8221; z_index_tablet=&#8221;500&#8243;]<\/p>\n<h2>Kurt Koch (uredil)<\/h2>\n<h1>Luther za katoli\u010dane<\/h1>\n<p>\u00a0<\/p>\n<p>Petstote obletnice za\u010detka reformacije se pri na\u0161i zalo\u017ebi spominjamo s knjigo: Luther za katoli\u010dane.<\/p>\n<p>Temeljni pomen praznovanja 500-letnice reformacije je, da i\u0161\u010demo duha sve\u017eine in svobode, duha, s katerim je Sveti Duh neko\u010d prevzel ljudi in jih prevzema \u0161e danes, je v spremni besedi med drugim zapisal Geza Filo, \u0161kof Evangeli\u010danske cerkve augsbur\u0161ke veroizpovedi v Republiki Sloveniji.<\/p>\n<p>Kardinal Kurt Koch, predsednik Pape\u0161kega sveta za pospe\u0161evanje edinosti kristjanov, ki je misli za to knjigo zbral in uredil, nam jo v strnjeni obliki predstavlja takole:<\/p>\n<p>Zelo osebne, globoke misli \u010dloveka, ki ga je vsega prevzel Bog, Kristus: Martin Luther tudi dandanes lahko kristjanom \u2013 torej tudi katoli\u010danom \u2013 pove presenetljivo veliko.<\/p>\n<p>Izbrani citati, zapisani v tej knjigi:<\/p>\n<p>\u00b7bralcu pomagajo bolje spoznati pri\u010devalca vere Martina Luthra,<\/p>\n<p>\u00b7popeljejo ga v sredi\u0161\u010de reformatorjeve teolo\u0161ke misli z vsemi njenimi pisanimi odtenki in vidiki ter<\/p>\n<p>\u00b7ga spodbudijo, da se prepri\u010da o svoji lastni veri ter jo poglobi: vero v kri\u017eanega in vstalega Kristusa, ki ga je Luther tako sve\u017ee predstavil v vsem njegovem sijaju.\u00ab<\/p>\n<p><em>\u010clanek o predstavitvi knjige v Ljubljani in Murski Soboti<\/em><\/p>\n<h4>\u00a0<\/h4>\n<h5><span class=\"field-label \">Format: 11&#215;19 cm<\/span>\u00a0<br \/><span class=\"field-label \">\u0160tevilo strani:\u00a0<\/span><span class=\"field-value\">112 strani<\/span>\u00a0<br \/><span class=\"field-label \">Vezava: trda<\/span><span class=\"field-value\">\u00a0vezava<\/span>\u00a0<\/h5>\n<p>[\/et_pb_text][\/et_pb_column][\/et_pb_row][\/et_pb_section]<\/p>\n","protected":false},"excerpt":{"rendered":"<p>Zelo osebne, globoke misli \u010dloveka, ki ga je vsega prevzel Bog, Kristus: Martin Luther tudi dandanes lahko kristjanom \u2013 torej tudi katoli\u010danom \u2013 pove presenetljivo veliko.<\/p>\n","protected":false},"featured_media":45077,"comment_status":"open","ping_status":"closed","template":"","meta":{"_et_pb_use_builder":"on","_et_pb_old_content":""},"product_cat":[82,26],"product_tag":[73,74],"class_list":{"0":"post-45076","1":"product","2":"type-product","3":"status-publish","4":"has-post-thumbnail","6":"product_cat-osebnosti","7":"product_cat-duhovnost","8":"product_tag-luther","9":"product_tag-reformacija","11":"first","12":"instock","13":"taxable","14":"shipping-taxable","15":"purchasable","16":"product-type-simple"},"_links":{"self":[{"href":"https:\/\/www.novisvet.si\/index.php?rest_route=\/wp\/v2\/product\/45076","targetHints":{"allow":["GET"]}}],"collection":[{"href":"https:\/\/www.novisvet.si\/index.php?rest_route=\/wp\/v2\/product"}],"about":[{"href":"https:\/\/www.novisvet.si\/index.php?rest_route=\/wp\/v2\/types\/product"}],"replies":[{"embeddable":true,"href":"https:\/\/www.novisvet.si\/index.php?rest_route=%2Fwp%2Fv2%2Fcomments&post=45076"}],"wp:featuredmedia":[{"embeddable":true,"href":"https:\/\/www.novisvet.si\/index.php?rest_route=\/wp\/v2\/media\/45077"}],"wp:attachment":[{"href":"https:\/\/www.novisvet.si\/index.php?rest_route=%2Fwp%2Fv2%2Fmedia&parent=45076"}],"wp:term":[{"taxonomy":"product_cat","embeddable":true,"href":"https:\/\/www.novisvet.si\/index.php?rest_route=%2Fwp%2Fv2%2Fproduct_cat&post=45076"},{"taxonomy":"product_tag","embeddable":true,"href":"https:\/\/www.novisvet.si\/index.php?rest_route=%2Fwp%2Fv2%2Fproduct_tag&post=45076"}],"curies":[{"name":"wp","href":"https:\/\/api.w.org\/{rel}","templated":true}]}}