{"id":45074,"date":"2017-06-29T09:40:52","date_gmt":"2017-06-29T09:40:52","guid":{"rendered":"http:\/\/www.novisvet.si\/?post_type=product&#038;p=45074"},"modified":"2019-03-29T09:47:38","modified_gmt":"2019-03-29T09:47:38","slug":"bog-objema-naso-bolecino","status":"publish","type":"product","link":"https:\/\/www.novisvet.si\/?product=bog-objema-naso-bolecino","title":{"rendered":"Bog objema na\u0161o bole\u010dino"},"content":{"rendered":"<p>[et_pb_section bb_built=&#8221;1&#8243;][et_pb_row][et_pb_column type=&#8221;4_4&#8243;][et_pb_text _builder_version=&#8221;3.21.1&#8243; text_font=&#8221;Noto Serif||||||||&#8221; header_text_color=&#8221;#aa0066&#8243; header_2_text_color=&#8221;#8300e9&#8243; text_text_color=&#8221;#000000&#8243; header_2_font_size=&#8221;22px&#8221; header_5_text_color=&#8221;#000000&#8243; header_5_line_height=&#8221;1.5em&#8221; header_5_font=&#8221;|||||on|||&#8221; header_3_text_color=&#8221;#5a31b2&#8243; header_3_font_size=&#8221;16px&#8221; z_index_tablet=&#8221;500&#8243;]<\/p>\n<h2>Renzo Sala (ur.)<\/h2>\n<h1>Bog objema na\u0161o bole\u010dino<\/h1>\n<h3>Ob tebi v trenutku preizku\u0161nje<\/h3>\n<p>Knji\u017eica, s katero lahko izrazimo so\u017ealje ali ponudimo besedo tol\u017eabe v te\u017ekem trenutku \u017ealovanja. Izgubili smo drago osebo, \u017eivljenje se je dopolnilo in se kon\u010dalo: kakor da nam je odneslo del\u010dek na\u0161ega srca, na\u0161ih besed, na\u0161eg miru.<\/p>\n<p>Besedila in slike v knji\u017eici nam lahko pomagajo ponovno najti oporo v samoti, ki je preplavila na\u0161e srce, in se spomniti, da imamo v sebi zaklad ljubezni, ki nam bo pomagal premagati trenutke bole\u010dine.<\/p>\n<h4>\u00a0<\/h4>\n<h5><span class=\"field-label \">Format: 10<\/span><span class=\"field-value\">x15 cm<\/span>\u00a0<br \/><span class=\"field-label \">\u0160tevilo strani: 16<\/span><span class=\"field-value\">\u00a0strani<\/span>\u00a0<br \/><span class=\"field-label \">Vezava:\u00a0<\/span><span class=\"field-value\">mehka vezava<\/span>\u00a0<\/h5>\n<p>[\/et_pb_text][\/et_pb_column][\/et_pb_row][\/et_pb_section]<\/p>\n","protected":false},"excerpt":{"rendered":"<p>Knji\u017eica, s katero lahko izrazimo so\u017ealje ali ponudimo besedo tol\u017eabe v te\u017ekem trenutku \u017ealovanja.<\/p>\n","protected":false},"featured_media":45075,"comment_status":"open","ping_status":"closed","template":"","meta":{"_et_pb_use_builder":"on","_et_pb_old_content":""},"product_cat":[59],"product_tag":[71,70],"_links":{"self":[{"href":"https:\/\/www.novisvet.si\/index.php?rest_route=\/wp\/v2\/product\/45074"}],"collection":[{"href":"https:\/\/www.novisvet.si\/index.php?rest_route=\/wp\/v2\/product"}],"about":[{"href":"https:\/\/www.novisvet.si\/index.php?rest_route=\/wp\/v2\/types\/product"}],"replies":[{"embeddable":true,"href":"https:\/\/www.novisvet.si\/index.php?rest_route=%2Fwp%2Fv2%2Fcomments&post=45074"}],"wp:featuredmedia":[{"embeddable":true,"href":"https:\/\/www.novisvet.si\/index.php?rest_route=\/wp\/v2\/media\/45075"}],"wp:attachment":[{"href":"https:\/\/www.novisvet.si\/index.php?rest_route=%2Fwp%2Fv2%2Fmedia&parent=45074"}],"wp:term":[{"taxonomy":"product_cat","embeddable":true,"href":"https:\/\/www.novisvet.si\/index.php?rest_route=%2Fwp%2Fv2%2Fproduct_cat&post=45074"},{"taxonomy":"product_tag","embeddable":true,"href":"https:\/\/www.novisvet.si\/index.php?rest_route=%2Fwp%2Fv2%2Fproduct_tag&post=45074"}],"curies":[{"name":"wp","href":"https:\/\/api.w.org\/{rel}","templated":true}]}}