{"id":45057,"date":"2019-02-22T12:05:17","date_gmt":"2019-02-22T12:05:17","guid":{"rendered":"http:\/\/www.novisvet.si\/?post_type=product&#038;p=45057"},"modified":"2024-11-10T10:49:38","modified_gmt":"2024-11-10T09:49:38","slug":"sveti-duh","status":"publish","type":"product","link":"https:\/\/www.novisvet.si\/?product=sveti-duh","title":{"rendered":"Sveti Duh"},"content":{"rendered":"<p>[et_pb_section bb_built=&#8221;1&#8243;][et_pb_row][et_pb_column type=&#8221;4_4&#8243;][et_pb_text _builder_version=&#8221;3.21.1&#8243; text_font=&#8221;Noto Serif||||||||&#8221; header_text_color=&#8221;#aa0066&#8243; header_2_text_color=&#8221;#8300e9&#8243; text_text_color=&#8221;#000000&#8243; header_2_font_size=&#8221;22px&#8221; header_5_text_color=&#8221;#000000&#8243; header_5_line_height=&#8221;1.5em&#8221; header_5_font=&#8221;|||||on|||&#8221; header_3_text_color=&#8221;#5a31b2&#8243; header_3_font_size=&#8221;16px&#8221; z_index_tablet=&#8221;500&#8243;]<\/p>\n<h2>Chiara Lubich<\/h2>\n<h1>Sveti Duh<\/h1>\n<h3 align=\"LEFT\">Uredila Florence Gillet in Raul Silva<\/h3>\n<p>\u017de nekaj let Gibanje fokolarov ponuja bralcem zbirke zapisov, misli in drugih besedil Chiare Lubich o vsakem stebru duhovnosti edinosti. Med \u0161tevilnimi Chiarinimi deli pa ni knjige, ki bi bila posve\u010dena\u00a0<strong>Svetemu Duhu<\/strong>, kljub njegovi pomenljivi navzo\u010dnosti v Chiarinem\u00a0\u017eivljenju in \u017eivljenju Gibanja. Zdaj smo v eni knjigi zbrali avtori\u010dina besedila, pri tem pa smo bili posebno pozorni na izlivanje Svetega Duha na za\u010detku Gibanja, na njegovo vlogo notranjega u\u010ditelja in na njegove nauke. Radi bi namre\u010d, da bi ga bolj spoznali in ljubili ter odkrili njegovo prenavljajo\u010de delovanje, posebno na podro\u010dju dialoga.<\/p>\n<p><strong>Chiara Lubich<\/strong>\u00a0(1920\u20132008), karizmati\u010dni lik na\u0161ega \u010dasa, je znana zaradi svojega neutrudnega dela za edinost in mir. Duh Gibanja fokolarov, ki ga je ustanovila, se je raz\u0161iril po vsem svetu, tudi med \u010dlani kr\u0161\u010danskih Cerkva, verniki drugih verstev in ljudmi druga\u010dnih prepri\u010danj. Prejela je \u0161tevilna priznanja, med drugimi nagrado Templeton za napredek vere (London 1977) in nagrado UNESCA za vzgojo za mir (Pariz 1996). V \u0161tevilnih mestih so ji podelili \u010dastno me\u0161\u010danstvo (Rim, Milano, Genova, Buenos Aires), na veliko univerzah pa je prejela \u010dastne doktorate. Ob njenem obisku v Sloveniji leta 1990 ji je Slovenska \u0161kofovska konferenca podelila odli\u010dje sv. Cirila in Metoda. Objavljenih je 58 knjig z ve\u010d kot 200 izdajami, ponatisi in prevodi v ve\u010d kot dvajset jezikov. \u0160tevilne knjige so prevedene tudi v sloven\u0161\u010dino.<\/p>\n<h5>\u00a0<\/h5>\n<h5><span class=\"field-label \">Format:\u00a0<\/span><span class=\"field-value\">13&#215;20 cm<\/span>\u00a0<br \/><span class=\"field-label \">\u0160tevilo strani:\u00a0<\/span><span class=\"field-value\">144 strani<\/span>\u00a0<br \/><span class=\"field-label \">Vezava:\u00a0<\/span><span class=\"field-value\">mehka vezava<\/span>\u00a0<\/h5>\n<p>[\/et_pb_text][\/et_pb_column][\/et_pb_row][\/et_pb_section]<\/p>\n","protected":false},"excerpt":{"rendered":"<p>Zbrana besedila avtorice Chiare Lubich, s posebnim ozirom na izlivanje Svetega Duha na za\u010detku Gibanja fokolarov, na njegovo vlogo notranjega u\u010ditelja in na njegove nauke.<\/p>\n","protected":false},"featured_media":45058,"comment_status":"open","ping_status":"closed","template":"","meta":{"_et_pb_use_builder":"on","_et_pb_old_content":""},"product_cat":[26,23],"product_tag":[],"class_list":{"0":"post-45057","1":"product","2":"type-product","3":"status-publish","4":"has-post-thumbnail","6":"product_cat-duhovnost","7":"product_cat-teologija","9":"first","10":"instock","11":"taxable","12":"shipping-taxable","13":"purchasable","14":"product-type-simple"},"_links":{"self":[{"href":"https:\/\/www.novisvet.si\/index.php?rest_route=\/wp\/v2\/product\/45057","targetHints":{"allow":["GET"]}}],"collection":[{"href":"https:\/\/www.novisvet.si\/index.php?rest_route=\/wp\/v2\/product"}],"about":[{"href":"https:\/\/www.novisvet.si\/index.php?rest_route=\/wp\/v2\/types\/product"}],"replies":[{"embeddable":true,"href":"https:\/\/www.novisvet.si\/index.php?rest_route=%2Fwp%2Fv2%2Fcomments&post=45057"}],"wp:featuredmedia":[{"embeddable":true,"href":"https:\/\/www.novisvet.si\/index.php?rest_route=\/wp\/v2\/media\/45058"}],"wp:attachment":[{"href":"https:\/\/www.novisvet.si\/index.php?rest_route=%2Fwp%2Fv2%2Fmedia&parent=45057"}],"wp:term":[{"taxonomy":"product_cat","embeddable":true,"href":"https:\/\/www.novisvet.si\/index.php?rest_route=%2Fwp%2Fv2%2Fproduct_cat&post=45057"},{"taxonomy":"product_tag","embeddable":true,"href":"https:\/\/www.novisvet.si\/index.php?rest_route=%2Fwp%2Fv2%2Fproduct_tag&post=45057"}],"curies":[{"name":"wp","href":"https:\/\/api.w.org\/{rel}","templated":true}]}}