{"id":45055,"date":"2017-11-21T12:00:00","date_gmt":"2017-11-21T12:00:00","guid":{"rendered":"http:\/\/www.novisvet.si\/?post_type=product&#038;p=45055"},"modified":"2019-03-29T10:59:14","modified_gmt":"2019-03-29T10:59:14","slug":"tvoje-zivljenje-je-tvoja-priloznost","status":"publish","type":"product","link":"https:\/\/www.novisvet.si\/?product=tvoje-zivljenje-je-tvoja-priloznost","title":{"rendered":"Tvoje \u017eivljenje je tvoja prilo\u017enost"},"content":{"rendered":"<p>[et_pb_section bb_built=&#8221;1&#8243;][et_pb_row][et_pb_column type=&#8221;4_4&#8243;][et_pb_text _builder_version=&#8221;3.19.6&#8243; text_font=&#8221;Noto Serif||||||||&#8221; header_text_color=&#8221;#aa0066&#8243; header_2_text_color=&#8221;#8300e9&#8243; text_text_color=&#8221;#000000&#8243; header_2_font_size=&#8221;22px&#8221; header_5_text_color=&#8221;#000000&#8243; header_5_line_height=&#8221;1.5em&#8221; header_5_font=&#8221;|||||on|||&#8221; header_3_text_color=&#8221;#5a31b2&#8243; header_3_font_size=&#8221;16px&#8221;]<\/p>\n<h2>Elisabeth Lukas<\/h2>\n<h1>Tvoje \u017eivljenje je tvoja prilo\u017enost<\/h1>\n<h3>Spodbude, kako oblikovati \u017eivljenje s smislom<\/h3>\n<p>Tvoje \u017eivljenje je tvoja prilo\u017enost! Bodi mlad ali star, kjer koli \u017eivi\u0161, vedno ti je na voljo nezamenljiva in smisla polna pot. V tej knjigi nam Elisabeth Lukas ponuja \u0161tevilne temeljne, pa tudi povsem prakti\u010dne nasvete, kako pravilno usmerjati svoje \u017eivljenje. Nazorni primeri iz njene dolgoletne prakse in njenih lastnih izku\u0161enj nas bodo opogumili za konkretne korake, da ne bomo zamudili \u00bbprilo\u017enosti svojega \u017eivljenja\u00ab!<\/p>\n<p>Dr. Elisabeth Lukas, rojena 1942 na Dunaju, je u\u010denka prof. Viktorja E. Frankla. Kot klini\u010dna psihologinja in psihoterapevtka je ve\u010d let vodila Junonem\u0161ki institut za logoterapijo v F\u00fcrstenfeldbrucku pri M\u00fcnchnu. V svetu je znana po svojih predavanjih in knjigah, ki so iz\u0161le \u017ee v 17 jezikih.<\/p>\n<h5>\u00a0<\/h5>\n<h5><span class=\"field-label \">Format:\u00a0<\/span><span class=\"field-value\">13&#215;20 cm<\/span>\u00a0<br \/><span class=\"field-label \">\u0160tevilo strani:\u00a0<\/span><span class=\"field-value\">176 strani<\/span>\u00a0<br \/><span class=\"field-label \">Vezava:\u00a0<\/span><span class=\"field-value\">mehka vezava<\/span>\u00a0<\/h5>\n<p>[\/et_pb_text][\/et_pb_column][\/et_pb_row][\/et_pb_section]<\/p>\n","protected":false},"excerpt":{"rendered":"<p>Spodbude, kako oblikovati \u017eivljenje s smislom Bodi mlad ali star, kjer koli \u017eivi\u0161, vedno ti je na voljo nezamenljiva in smisla polna pot.<\/p>\n","protected":false},"featured_media":45056,"comment_status":"open","ping_status":"closed","template":"","meta":{"_et_pb_use_builder":"on","_et_pb_old_content":""},"product_cat":[90,29],"product_tag":[],"class_list":{"0":"post-45055","1":"product","2":"type-product","3":"status-publish","4":"has-post-thumbnail","6":"product_cat-samopomoc","7":"product_cat-logoterapija","9":"first","10":"instock","11":"taxable","12":"shipping-taxable","13":"purchasable","14":"product-type-simple"},"_links":{"self":[{"href":"https:\/\/www.novisvet.si\/index.php?rest_route=\/wp\/v2\/product\/45055","targetHints":{"allow":["GET"]}}],"collection":[{"href":"https:\/\/www.novisvet.si\/index.php?rest_route=\/wp\/v2\/product"}],"about":[{"href":"https:\/\/www.novisvet.si\/index.php?rest_route=\/wp\/v2\/types\/product"}],"replies":[{"embeddable":true,"href":"https:\/\/www.novisvet.si\/index.php?rest_route=%2Fwp%2Fv2%2Fcomments&post=45055"}],"wp:featuredmedia":[{"embeddable":true,"href":"https:\/\/www.novisvet.si\/index.php?rest_route=\/wp\/v2\/media\/45056"}],"wp:attachment":[{"href":"https:\/\/www.novisvet.si\/index.php?rest_route=%2Fwp%2Fv2%2Fmedia&parent=45055"}],"wp:term":[{"taxonomy":"product_cat","embeddable":true,"href":"https:\/\/www.novisvet.si\/index.php?rest_route=%2Fwp%2Fv2%2Fproduct_cat&post=45055"},{"taxonomy":"product_tag","embeddable":true,"href":"https:\/\/www.novisvet.si\/index.php?rest_route=%2Fwp%2Fv2%2Fproduct_tag&post=45055"}],"curies":[{"name":"wp","href":"https:\/\/api.w.org\/{rel}","templated":true}]}}