{"id":133,"date":"2018-11-28T08:58:56","date_gmt":"2018-11-28T08:58:56","guid":{"rendered":"http:\/\/www.novisvet.si\/?post_type=product&#038;p=133"},"modified":"2020-03-25T10:40:34","modified_gmt":"2020-03-25T09:40:34","slug":"pot-v-dezelo-svobode","status":"publish","type":"product","link":"https:\/\/www.novisvet.si\/?product=pot-v-dezelo-svobode","title":{"rendered":"Pot v de\u017eelo svobode"},"content":{"rendered":"<p>[et_pb_section bb_built=&#8221;1&#8243;][et_pb_row][et_pb_column type=&#8221;4_4&#8243;][et_pb_text _builder_version=&#8221;3.19.6&#8243; text_font=&#8221;Noto Serif||||||||&#8221; header_text_color=&#8221;#aa0066&#8243; header_2_text_color=&#8221;#8300e9&#8243; text_text_color=&#8221;#000000&#8243; header_2_font_size=&#8221;22px&#8221; header_5_text_color=&#8221;#000000&#8243; header_5_line_height=&#8221;1.5em&#8221; header_5_font=&#8221;|||||on|||&#8221; header_3_text_color=&#8221;#5a31b2&#8243; header_3_font_size=&#8221;16px&#8221;]<\/p>\n<h2>Brat John iz Taiz\u00e9ja<\/h2>\n<h1>Pot v de\u017eelo svobode<\/h1>\n<h3>Deset zapovedi danes<\/h3>\n<p>&#8220;Deset Bo\u017ejih zapovedi je kot Ple\u010dnikova ograja na Tromostovju. To je dekalog \u2013 deset besed, kot jih imenujejo Judje: deset \u017eivljenjsko pomembnih in navdihujo\u010de lepih Bo\u017ejih in obenem najbolj \u010dlove\u0161kih besed za razvoj \u010dloveka in so\u017eitja med ljudmi. Teh deset besed je eti\u010dna orientacija, kje je prostor na\u0161e ustvarjalne svobode za razvoj na mostu \u017eivljenjskega prehoda iz ne\u017eive snovi v dovr\u0161itev ljube\u010dega odnosa; je bivanjska orientacija pri iskanju odgovora o smislu \u017eivljenja: od kod?, kam? in \u010dem\u00fa?&#8221;<br \/>Jo\u017ee Ramov\u0161<br \/>Iz spremne besede k slovenski izdaji<\/p>\n<p>Brat John, v Philadelphii v ZDA rojeni strokovnjak za Sveto pismo, je od leta 1974 brat v taiz\u00e9jski skupnosti. Tam vodi bibli\u010dne delavnice za mlade, ki jih vsako leto na desettiso\u010de prihaja v Taiz\u00e9. Iz tega zaklada izkustev je nastalo ve\u010d knjig, ki so prevedene v \u0161tevilne jezike.<\/p>\n<h5>\u00a0<\/h5>\n<h5><span class=\"field-label \">Format:\u00a0<\/span><span class=\"field-value\">13&#215;20 cm<\/span>\u00a0<br \/><span class=\"field-label \">\u0160tevilo strani:\u00a0<\/span><span class=\"field-value\">152 strani<\/span>\u00a0<br \/><span class=\"field-label \">Vezava:\u00a0<\/span><span class=\"field-value\">mehka vezava<\/span>\u00a0<\/h5>\n<p>[\/et_pb_text][\/et_pb_column][\/et_pb_row][\/et_pb_section]<\/p>\n","protected":false},"excerpt":{"rendered":"<p><em>Deset Bo\u017ejih zapovedi je kot Ple\u010dnikova ograja brat John iz Taiz\u00e9ja na Tromostovju. To je dekalog \u2013 deset besed, kot jih imenujejo Judje: deset \u017eivljenjsko pomembnih in navdihujo\u010de lepih Bo\u017ejih in obenem najbolj \u010dlove\u0161kih besed za razvoj \u010dloveka in so\u017eitja med ljudmi.<\/em><\/p>\n","protected":false},"featured_media":135,"comment_status":"open","ping_status":"closed","template":"","meta":{"_et_pb_use_builder":"on","_et_pb_old_content":"<p><em>\u00bbDeset Bo\u017ejih zapovedi je kot Ple\u010dnikova ograja brat John iz Taiz\u00e9ja na Tromostovju. To je dekalog \u2013 deset besed, kot jih imenujejo Judje: deset \u017eivljenjsko pomembnih in navdihujo\u010de lepih Bo\u017ejih in obenem najbolj \u010dlove\u0161kih besed za razvoj \u010dloveka in so\u017eitja med ljudmi. Teh deset besed je eti\u010dna orientacija, kje je prostor na\u0161e ustvarjalne svobode za razvoj na mostu \u017eivljenjskega prehoda iz ne\u017eive snovi v dovr\u0161itev ljube\u010dega odnosa; je bivanjska orientacija pri iskanju odgovora o smislu \u017eivljenja: od kod?, kam? in \u010dem\u00fa?\u00ab<\/em><\/p><p>- Jo\u017ee Ramov\u0161, iz spremne besede k slovenski izdaji<\/p><p><strong>Brat John<\/strong>, v Philadelphii v ZDA rojeni strokovnjak za Sveto pismo, je od leta 1974 brat v taiz\u00e9jski skupnosti. Tam vodi bibli\u010dne delavnice za mlade, ki jih vsako leto na desettiso\u010de prihaja v Taiz\u00e9. Iz tega zaklada izkustev je nastalo ve\u010d knjig, ki so prevedene v \u0161tevilne jezike.<\/p>"},"product_cat":[26,23],"product_tag":[],"class_list":{"0":"post-133","1":"product","2":"type-product","3":"status-publish","4":"has-post-thumbnail","6":"product_cat-duhovnost","7":"product_cat-teologija","9":"first","10":"instock","11":"taxable","12":"shipping-taxable","13":"purchasable","14":"product-type-simple"},"_links":{"self":[{"href":"https:\/\/www.novisvet.si\/index.php?rest_route=\/wp\/v2\/product\/133","targetHints":{"allow":["GET"]}}],"collection":[{"href":"https:\/\/www.novisvet.si\/index.php?rest_route=\/wp\/v2\/product"}],"about":[{"href":"https:\/\/www.novisvet.si\/index.php?rest_route=\/wp\/v2\/types\/product"}],"replies":[{"embeddable":true,"href":"https:\/\/www.novisvet.si\/index.php?rest_route=%2Fwp%2Fv2%2Fcomments&post=133"}],"wp:featuredmedia":[{"embeddable":true,"href":"https:\/\/www.novisvet.si\/index.php?rest_route=\/wp\/v2\/media\/135"}],"wp:attachment":[{"href":"https:\/\/www.novisvet.si\/index.php?rest_route=%2Fwp%2Fv2%2Fmedia&parent=133"}],"wp:term":[{"taxonomy":"product_cat","embeddable":true,"href":"https:\/\/www.novisvet.si\/index.php?rest_route=%2Fwp%2Fv2%2Fproduct_cat&post=133"},{"taxonomy":"product_tag","embeddable":true,"href":"https:\/\/www.novisvet.si\/index.php?rest_route=%2Fwp%2Fv2%2Fproduct_tag&post=133"}],"curies":[{"name":"wp","href":"https:\/\/api.w.org\/{rel}","templated":true}]}}