{"id":45523,"date":"2010-04-10T11:04:09","date_gmt":"2010-04-10T09:04:09","guid":{"rendered":"http:\/\/www.novisvet.si\/?post_type=product&#038;p=45523"},"modified":"2024-09-22T08:03:50","modified_gmt":"2024-09-22T06:03:50","slug":"sijajni-nacrt-dvd","status":"publish","type":"product","link":"http:\/\/www.novisvet.si\/?product=sijajni-nacrt-dvd","title":{"rendered":"Sijajni na\u010drt &#8211; DVD"},"content":{"rendered":"<p>[et_pb_section bb_built=&#8221;1&#8243;][et_pb_row][et_pb_column type=&#8221;4_4&#8243;][et_pb_text _builder_version=&#8221;3.21.1&#8243; text_font=&#8221;Noto Serif||||||||&#8221; header_text_color=&#8221;#aa0066&#8243; header_2_text_color=&#8221;#8300e9&#8243; text_text_color=&#8221;#000000&#8243; header_2_font_size=&#8221;22px&#8221; header_5_text_color=&#8221;#000000&#8243; header_5_line_height=&#8221;1.5em&#8221; header_5_font=&#8221;|||||on|||&#8221; header_3_text_color=&#8221;#5a31b2&#8243; header_3_font_size=&#8221;16px&#8221; z_index_tablet=&#8221;500&#8243;]<\/p>\n<div class=\"product-sdesc\">\n<h2>DVD<\/h2>\n<h1>SIJAJNI NA\u010cRT<\/h1>\n<h3>Chiara Luce Badano<\/h3>\n<p>Morje in hribi, \u0161port in prijatelji, veliki ideali in pristna vera, to je svet Chiare Badano. Toda pri osemnajstih letih \u2026 jo je neozdravljiva bo\u00adlezen priklenila na posteljo. Ni mogla ve\u010d ho\u00additi, nasmeh pa je ostal. Njena hoja nebesom naproti je bila neustavljiva. \u0160e ve\u010d, za vse, ki so se ji pribli\u017eali in se sre\u010dujejo z njo danes, je njen zgled nalezljiv. Kli\u010dejo jo Luce (Lu\u010d).<\/p>\n<p>Video nam skozi intervjuje z mamo in o\u010detom, njenimi prijateljicami in prijatelji, z zdravniki in drugimi ljudmi, predstavi lik bla\u017eene Chiare Luce Badano.<\/p>\n<\/div>\n<p>[\/et_pb_text][\/et_pb_column][\/et_pb_row][\/et_pb_section]<\/p>\n","protected":false},"excerpt":{"rendered":"<p>[et_pb_section bb_built=&#8221;1&#8243;][et_pb_row][et_pb_column type=&#8221;4_4&#8243;][et_pb_text _builder_version=&#8221;3.21.1&#8243; text_font=&#8221;Noto Serif||||||||&#8221; header_text_color=&#8221;#aa0066&#8243; header_2_text_color=&#8221;#8300e9&#8243; text_text_color=&#8221;#000000&#8243; header_2_font_size=&#8221;22px&#8221; header_5_text_color=&#8221;#000000&#8243; header_5_line_height=&#8221;1.5em&#8221; header_5_font=&#8221;|||||on|||&#8221; header_3_text_color=&#8221;#5a31b2&#8243; header_3_font_size=&#8221;16px&#8221; z_index_tablet=&#8221;500&#8243;] DVD SIJAJNI NA\u010cRT Chiara Luce Badano Morje in hribi, \u0161port in prijatelji, veliki ideali in pristna vera, to je svet Chiare Badano. Toda pri osemnajstih letih \u2026 jo je neozdravljiva bo\u00adlezen priklenila na posteljo. Ni mogla ve\u010d ho\u00additi, nasmeh [&hellip;]<\/p>\n","protected":false},"featured_media":45524,"comment_status":"open","ping_status":"closed","template":"","meta":{"_et_pb_use_builder":"on","_et_pb_old_content":""},"product_cat":[61,28],"product_tag":[83],"class_list":{"0":"post-45523","1":"product","2":"type-product","3":"status-publish","4":"has-post-thumbnail","6":"product_cat-svetniki","7":"product_cat-za-mlade","8":"product_tag-chiara-luce","10":"first","11":"instock","12":"taxable","13":"shipping-taxable","14":"purchasable","15":"product-type-simple"},"_links":{"self":[{"href":"http:\/\/www.novisvet.si\/index.php?rest_route=\/wp\/v2\/product\/45523","targetHints":{"allow":["GET"]}}],"collection":[{"href":"http:\/\/www.novisvet.si\/index.php?rest_route=\/wp\/v2\/product"}],"about":[{"href":"http:\/\/www.novisvet.si\/index.php?rest_route=\/wp\/v2\/types\/product"}],"replies":[{"embeddable":true,"href":"http:\/\/www.novisvet.si\/index.php?rest_route=%2Fwp%2Fv2%2Fcomments&post=45523"}],"wp:featuredmedia":[{"embeddable":true,"href":"http:\/\/www.novisvet.si\/index.php?rest_route=\/wp\/v2\/media\/45524"}],"wp:attachment":[{"href":"http:\/\/www.novisvet.si\/index.php?rest_route=%2Fwp%2Fv2%2Fmedia&parent=45523"}],"wp:term":[{"taxonomy":"product_cat","embeddable":true,"href":"http:\/\/www.novisvet.si\/index.php?rest_route=%2Fwp%2Fv2%2Fproduct_cat&post=45523"},{"taxonomy":"product_tag","embeddable":true,"href":"http:\/\/www.novisvet.si\/index.php?rest_route=%2Fwp%2Fv2%2Fproduct_tag&post=45523"}],"curies":[{"name":"wp","href":"https:\/\/api.w.org\/{rel}","templated":true}]}}