{"id":45166,"date":"2014-03-31T10:05:11","date_gmt":"2014-03-31T10:05:11","guid":{"rendered":"http:\/\/www.novisvet.si\/?post_type=product&#038;p=45166"},"modified":"2019-04-05T10:07:27","modified_gmt":"2019-04-05T10:07:27","slug":"sveti-avgustin-ljubi-in-delaj-kar-hoces","status":"publish","type":"product","link":"http:\/\/www.novisvet.si\/?product=sveti-avgustin-ljubi-in-delaj-kar-hoces","title":{"rendered":"Sveti Avgu\u0161tin &#8211; Ljubi in delaj, kar ho\u010de\u0161"},"content":{"rendered":"<p>[et_pb_section bb_built=&#8221;1&#8243;][et_pb_row][et_pb_column type=&#8221;4_4&#8243;][et_pb_text _builder_version=&#8221;3.21.1&#8243; text_font=&#8221;Noto Serif||||||||&#8221; header_text_color=&#8221;#aa0066&#8243; header_2_text_color=&#8221;#8300e9&#8243; text_text_color=&#8221;#000000&#8243; header_2_font_size=&#8221;22px&#8221; header_5_text_color=&#8221;#000000&#8243; header_5_line_height=&#8221;1.5em&#8221; header_5_font=&#8221;|||||on|||&#8221; header_3_text_color=&#8221;#5a31b2&#8243; header_3_font_size=&#8221;16px&#8221; z_index_tablet=&#8221;500&#8243;]<\/p>\n<h2>Sveti Avgu\u0161tin<\/h2>\n<h1>Ljubi in delaj, kar ho\u010de\u0161<\/h1>\n<h3>Izbral in uredil Pasquale Cormio<\/h3>\n<p>Avgu\u0161tin je u\u010ditelj za vsakogar, ki i\u0161\u010de resnico o skrivnosti Boga in \u010dloveka. Globoko je zaznamoval kulturo zahodnega sveta in s svojim naukom \u0161e vedno bogat\u00ed u\u010diteljstvo Cerkve.<\/p>\n<p>\u00bbPozno sem te vzljubil, Lepota, ve\u010dno davna, ve\u010dno nova, pozno sem te vzljubil! In glej, bil si v meni, in jaz sem bil zunaj, in tam sem te iskal, nelep sem se gnal za lepimi stvarmi, ki si jih ti ustvaril. Z menoj si bil in jaz ne s teboj. Dale\u010d od tebe so me dr\u017eale stvari, ki sploh ne bi bivale, ko ne bi v tebi bivale. Vabil si in klical \u2013 in prebil si mojo gluhoto. Bliskal in \u017earel si \u2013 in premagal si mojo slepoto. Sladko si mi dehtel in srkal sem tvoj vonj \u2013 po Tebi koprnim. Okusil sem te \u2013 in sem te la\u010den in \u017eejen. Dotaknil si se me\u00a0 &#8211; in zagorel sem v tvojem miru.\u00ab<\/p>\n<p>\u00a0<\/p>\n<h5>Format: 11 x 19 cm<\/h5>\n<h5>Strani:\u00a0 112<\/h5>\n<h5>Vezava: trda<\/h5>\n<p>[\/et_pb_text][\/et_pb_column][\/et_pb_row][\/et_pb_section]<\/p>\n","protected":false},"excerpt":{"rendered":"<p>Avgu\u0161tin je u\u010ditelj za vsakogar, ki i\u0161\u010de resnico o skrivnosti Boga in \u010dloveka. Globoko je zaznamoval kulturo zahodnega sveta in s svojim naukom \u0161e vedno bogat\u00ed u\u010diteljstvo Cerkve.<\/p>\n","protected":false},"featured_media":45167,"comment_status":"open","ping_status":"closed","template":"","meta":{"_et_pb_use_builder":"on","_et_pb_old_content":""},"product_cat":[82,61],"product_tag":[116],"class_list":{"0":"post-45166","1":"product","2":"type-product","3":"status-publish","4":"has-post-thumbnail","6":"product_cat-osebnosti","7":"product_cat-svetniki","8":"product_tag-avgustin","10":"first","11":"instock","12":"taxable","13":"shipping-taxable","14":"purchasable","15":"product-type-simple"},"_links":{"self":[{"href":"http:\/\/www.novisvet.si\/index.php?rest_route=\/wp\/v2\/product\/45166","targetHints":{"allow":["GET"]}}],"collection":[{"href":"http:\/\/www.novisvet.si\/index.php?rest_route=\/wp\/v2\/product"}],"about":[{"href":"http:\/\/www.novisvet.si\/index.php?rest_route=\/wp\/v2\/types\/product"}],"replies":[{"embeddable":true,"href":"http:\/\/www.novisvet.si\/index.php?rest_route=%2Fwp%2Fv2%2Fcomments&post=45166"}],"wp:featuredmedia":[{"embeddable":true,"href":"http:\/\/www.novisvet.si\/index.php?rest_route=\/wp\/v2\/media\/45167"}],"wp:attachment":[{"href":"http:\/\/www.novisvet.si\/index.php?rest_route=%2Fwp%2Fv2%2Fmedia&parent=45166"}],"wp:term":[{"taxonomy":"product_cat","embeddable":true,"href":"http:\/\/www.novisvet.si\/index.php?rest_route=%2Fwp%2Fv2%2Fproduct_cat&post=45166"},{"taxonomy":"product_tag","embeddable":true,"href":"http:\/\/www.novisvet.si\/index.php?rest_route=%2Fwp%2Fv2%2Fproduct_tag&post=45166"}],"curies":[{"name":"wp","href":"https:\/\/api.w.org\/{rel}","templated":true}]}}