{"id":45096,"date":"2015-05-24T11:01:08","date_gmt":"2015-05-24T11:01:08","guid":{"rendered":"http:\/\/www.novisvet.si\/?post_type=product&#038;p=45096"},"modified":"2019-03-29T11:14:37","modified_gmt":"2019-03-29T11:14:37","slug":"komunikacija-v-paru","status":"publish","type":"product","link":"http:\/\/www.novisvet.si\/?product=komunikacija-v-paru","title":{"rendered":"Komunikacija v paru"},"content":{"rendered":"<p>[et_pb_section bb_built=&#8221;1&#8243;][et_pb_row][et_pb_column type=&#8221;4_4&#8243;][et_pb_text _builder_version=&#8221;3.21.1&#8243; text_font=&#8221;Noto Serif||||||||&#8221; header_text_color=&#8221;#aa0066&#8243; header_2_text_color=&#8221;#8300e9&#8243; text_text_color=&#8221;#000000&#8243; header_2_font_size=&#8221;22px&#8221; header_5_text_color=&#8221;#000000&#8243; header_5_line_height=&#8221;1.5em&#8221; header_5_font=&#8221;|||||on|||&#8221; header_3_text_color=&#8221;#5a31b2&#8243; header_3_font_size=&#8221;16px&#8221; z_index_tablet=&#8221;500&#8243;]<\/p>\n<h2>Rino Ventriglia in Rita Della Valle<\/h2>\n<h1>Komunikacija v paru<\/h1>\n<h3>Poznavanje drug drugega kot temelj za skupno rast\u00a0<\/h3>\n<p>\u00bbZgodbo para rada primerjava s potovanjem. Za\u010dne se, ko na prvi tir pripelje vlak ljubezni. Odpotujemo z roko v roki in z \u017eeljo, da bi na kon\u010dno postajo prispeli \u201cskupaj\u201d. Ob odhodu je nebo jasno in sonce sveti.\u00ab S temi besedami avtorja za\u010denjata svojo knjigo in nas v nadaljevanju popeljeta skozi razli\u010dna obdobja potovanja, skozi led, de\u017e, meglo in nenadne nevihte, z jasnimi in konkretnimi napotki za medsebojno razumevanje. V knjigi najdemo tudi odgovor na vpra\u0161anje, kako ohranjati \u010darobnost v odnosu.<\/p>\n<p>Rino Ventriglia, nevrolog, psihoterapevt, u\u010ditelj in supervizor transakcijske analize. Leta 2003 je ustanovil Centro Logos. Je ravnatelj \u0160ole za psihoterapijo v Caserti, ki se usmerja na psihodinamiko in transakcijsko analizo. Predava \u201cPsihologijo odnosov\u201d na Teolo\u0161ki fakulteti v Capui.<\/p>\n<p>Rita Della Valle, ginekologinja, seksologinja, u\u010diteljica Billingsove metode urejanja rojstev. Dolgo let je aktivna na socialnem podro\u010dju. V zadnjih letih je vodila vrsto simpozijev o spolnosti.<\/p>\n<p>Skupaj sta \u017ee vrsto let dejavna v gibanju Nove dru\u017eine in s \u0161e nekaj dru\u017einami iz tega gibanja v Loppianu pri Firencah vodita seminarje za pare. Na simpozijih za zaro\u010dence, pare in dru\u017eine sodelujeta kot strokovnjaka za komunikacijo in podro\u010dje \u010dustev.<\/p>\n<h4>\u00a0<\/h4>\n<h5><span class=\"field-label \">Format:\u00a0<\/span><span class=\"field-value\">11&#215;18 cm<\/span>\u00a0<br \/><span class=\"field-label \">\u0160tevilo strani:\u00a0<\/span><span class=\"field-value\">96 strani<\/span>\u00a0<br \/><span class=\"field-label \">Vezava:\u00a0<\/span><span class=\"field-value\">mehka vezava<\/span>\u00a0<\/h5>\n<p>[\/et_pb_text][\/et_pb_column][\/et_pb_row][\/et_pb_section]<\/p>\n","protected":false},"excerpt":{"rendered":"<p>V knjigi najdemo tudi odgovor na vpra\u0161anje, kako ohranjati \u010darobnost v odnosu.<\/p>\n","protected":false},"featured_media":45097,"comment_status":"open","ping_status":"closed","template":"","meta":{"_et_pb_use_builder":"on","_et_pb_old_content":""},"product_cat":[90,60],"product_tag":[],"class_list":{"0":"post-45096","1":"product","2":"type-product","3":"status-publish","4":"has-post-thumbnail","6":"product_cat-samopomoc","7":"product_cat-druzine","9":"first","10":"instock","11":"taxable","12":"shipping-taxable","13":"purchasable","14":"product-type-simple"},"_links":{"self":[{"href":"http:\/\/www.novisvet.si\/index.php?rest_route=\/wp\/v2\/product\/45096","targetHints":{"allow":["GET"]}}],"collection":[{"href":"http:\/\/www.novisvet.si\/index.php?rest_route=\/wp\/v2\/product"}],"about":[{"href":"http:\/\/www.novisvet.si\/index.php?rest_route=\/wp\/v2\/types\/product"}],"replies":[{"embeddable":true,"href":"http:\/\/www.novisvet.si\/index.php?rest_route=%2Fwp%2Fv2%2Fcomments&post=45096"}],"wp:featuredmedia":[{"embeddable":true,"href":"http:\/\/www.novisvet.si\/index.php?rest_route=\/wp\/v2\/media\/45097"}],"wp:attachment":[{"href":"http:\/\/www.novisvet.si\/index.php?rest_route=%2Fwp%2Fv2%2Fmedia&parent=45096"}],"wp:term":[{"taxonomy":"product_cat","embeddable":true,"href":"http:\/\/www.novisvet.si\/index.php?rest_route=%2Fwp%2Fv2%2Fproduct_cat&post=45096"},{"taxonomy":"product_tag","embeddable":true,"href":"http:\/\/www.novisvet.si\/index.php?rest_route=%2Fwp%2Fv2%2Fproduct_tag&post=45096"}],"curies":[{"name":"wp","href":"https:\/\/api.w.org\/{rel}","templated":true}]}}