{"id":173,"date":"2018-09-15T13:29:08","date_gmt":"2018-09-15T13:29:08","guid":{"rendered":"http:\/\/www.novisvet.si\/?post_type=product&#038;p=173"},"modified":"2022-10-27T20:39:06","modified_gmt":"2022-10-27T18:39:06","slug":"cerkev","status":"publish","type":"product","link":"http:\/\/www.novisvet.si\/?product=cerkev","title":{"rendered":"Cerkev"},"content":{"rendered":"<p>[et_pb_section bb_built=&#8221;1&#8243;][et_pb_row][et_pb_column type=&#8221;4_4&#8243;][et_pb_text _builder_version=&#8221;3.19.6&#8243; text_font=&#8221;Noto Serif||||||||&#8221; header_text_color=&#8221;#aa0066&#8243; header_2_text_color=&#8221;#8300e9&#8243; text_text_color=&#8221;#000000&#8243; header_2_font_size=&#8221;22px&#8221; header_5_text_color=&#8221;#000000&#8243; header_5_line_height=&#8221;1.5em&#8221; header_5_font=&#8221;|||||on|||&#8221; header_3_text_color=&#8221;#5a31b2&#8243; header_3_font_size=&#8221;16px&#8221;]<\/p>\n<h2>Chiara Lubich<\/h2>\n<h1>Cerkev<\/h1>\n<h3>Uredila Brendan Leahy in Hubertus Blaumeiser<\/h3>\n<p><strong>\u201cVrt\u201d, v katerem cvetijo Jezusove besede:<\/strong>\u00a0iz te zna\u010dilne perspektive Chiara Lubich doume, kaj je Cerkev v Bo\u017ejih na\u010drtih. Zato zaznava zlasti njeno\u00a0<em>karizmati\u010dno razse\u017enost<\/em>, vidi jo kot \u201cutele\u0161en evangelij\u201d in v tem klju\u010du razume tudi njeno\u00a0<em>hierarhi\u010dno razse\u017enost<\/em>. V globokem sozvo\u010dju z drugim vatikanskim koncilom ustanoviteljica Gibanja fokolarov razkriva v zapisih, zbranih v tej knjigi, izku\u0161njo Cerkve kot Bo\u017ejega ljudstva, zedinjenega zaradi toka ljubezni, ki izvira iz srca samega Boga in zmore prenoviti vsa podro\u010dja \u010dlove\u0161kega \u017eivljenja. Na osnovi kri\u017eanega in zapu\u0161\u010denega Jezusa, ki \u017eivi med svojimi, se lahko v dana\u0161njosti obnavlja \u010dude\u017e binko\u0161ti: mnogi postanejo eno srce in ena du\u0161a in se odprejo dialogu brez meja.<\/p>\n<h4>\u00a0<\/h4>\n<h5><span class=\"field-label \">Format:\u00a0<\/span><span class=\"field-value\">13&#215;20 cm<\/span>\u00a0<br \/><span class=\"field-label \">\u0160tevilo strani:\u00a0<\/span><span class=\"field-value\">160 strani<\/span>\u00a0<br \/><span class=\"field-label \">Vezava:\u00a0<\/span><span class=\"field-value\">mehka vezava<\/span>\u00a0<\/h5>\n<p>[\/et_pb_text][\/et_pb_column][\/et_pb_row][\/et_pb_section]<\/p>\n","protected":false},"excerpt":{"rendered":"<p><strong>\u201cVrt\u201d, v katerem cvetijo Jezusove besede:<\/strong>\u00a0iz te zna\u010dilne perspektive Chiara Lubich doume, kaj je Cerkev v Bo\u017ejih na\u010drtih.<\/p>\n","protected":false},"featured_media":221,"comment_status":"open","ping_status":"closed","template":"","meta":{"_et_pb_use_builder":"on","_et_pb_old_content":"<h3>Uredila Brendan Leahy in Hubertus Blaumeiser<\/h3>\r\n<strong>\u201cVrt\u201d, v katerem cvetijo Jezusove besede:<\/strong>\u00a0iz te zna\u010dilne perspektive Chiara Lubich doume, kaj je Cerkev v Bo\u017ejih na\u010drtih. Zato zaznava zlasti njeno\u00a0<em>karizmati\u010dno razse\u017enost<\/em>, vidi jo kot \u201cutele\u0161en evangelij\u201d in v tem klju\u010du razume tudi njeno\u00a0<em>hierarhi\u010dno razse\u017enost<\/em>. V globokem sozvo\u010dju z drugim vatikanskim koncilom ustanoviteljica Gibanja fokolarov razkriva v zapisih, zbranih v tej knjigi, izku\u0161njo Cerkve kot Bo\u017ejega ljudstva, zedinjenega zaradi toka ljubezni, ki izvira iz srca samega Boga in zmore prenoviti vsa podro\u010dja \u010dlove\u0161kega \u017eivljenja. Na osnovi kri\u017eanega in zapu\u0161\u010denega Jezusa, ki \u017eivi med svojimi, se lahko v dana\u0161njosti obnavlja \u010dude\u017e binko\u0161ti: mnogi postanejo eno srce in ena du\u0161a in se odprejo dialogu brez meja."},"product_cat":[26],"product_tag":[],"class_list":{"0":"post-173","1":"product","2":"type-product","3":"status-publish","4":"has-post-thumbnail","6":"product_cat-duhovnost","8":"first","9":"instock","10":"taxable","11":"shipping-taxable","12":"purchasable","13":"product-type-simple"},"_links":{"self":[{"href":"http:\/\/www.novisvet.si\/index.php?rest_route=\/wp\/v2\/product\/173","targetHints":{"allow":["GET"]}}],"collection":[{"href":"http:\/\/www.novisvet.si\/index.php?rest_route=\/wp\/v2\/product"}],"about":[{"href":"http:\/\/www.novisvet.si\/index.php?rest_route=\/wp\/v2\/types\/product"}],"replies":[{"embeddable":true,"href":"http:\/\/www.novisvet.si\/index.php?rest_route=%2Fwp%2Fv2%2Fcomments&post=173"}],"wp:featuredmedia":[{"embeddable":true,"href":"http:\/\/www.novisvet.si\/index.php?rest_route=\/wp\/v2\/media\/221"}],"wp:attachment":[{"href":"http:\/\/www.novisvet.si\/index.php?rest_route=%2Fwp%2Fv2%2Fmedia&parent=173"}],"wp:term":[{"taxonomy":"product_cat","embeddable":true,"href":"http:\/\/www.novisvet.si\/index.php?rest_route=%2Fwp%2Fv2%2Fproduct_cat&post=173"},{"taxonomy":"product_tag","embeddable":true,"href":"http:\/\/www.novisvet.si\/index.php?rest_route=%2Fwp%2Fv2%2Fproduct_tag&post=173"}],"curies":[{"name":"wp","href":"https:\/\/api.w.org\/{rel}","templated":true}]}}